{"id":932,"date":"2022-12-13T11:15:34","date_gmt":"2022-12-13T11:15:34","guid":{"rendered":"http:\/\/innovationsflughafen.de\/?page_id=932"},"modified":"2023-05-10T15:06:24","modified_gmt":"2023-05-10T15:06:24","slug":"organisation","status":"publish","type":"page","link":"https:\/\/innovationsflughafen.de\/en\/organisation\/","title":{"rendered":"Organisation"},"content":{"rendered":"<div class=\"wp-block-group alignfull is-layout-flow wp-block-group-is-layout-flow\" id=\"Kopfbild\" style=\"margin-bottom:0\">\n<div class=\"wp-block-cover has-custom-content-position is-position-bottom-left linksbuendig\" style=\"min-height:566px;aspect-ratio:unset;\"><span aria-hidden=\"true\" class=\"wp-block-cover__background has-background-dim-0 has-background-dim\"><\/span><img loading=\"lazy\" decoding=\"async\" width=\"2013\" height=\"633\" class=\"wp-block-cover__image-background wp-image-843\" alt=\"\" src=\"https:\/\/innovationsflughafen.de\/wp-content\/uploads\/2022\/12\/Fastgate.jpg\" data-object-fit=\"cover\" srcset=\"https:\/\/innovationsflughafen.de\/wp-content\/uploads\/2022\/12\/Fastgate.jpg 2013w, https:\/\/innovationsflughafen.de\/wp-content\/uploads\/2022\/12\/Fastgate-300x94.jpg 300w, https:\/\/innovationsflughafen.de\/wp-content\/uploads\/2022\/12\/Fastgate-1024x322.jpg 1024w, https:\/\/innovationsflughafen.de\/wp-content\/uploads\/2022\/12\/Fastgate-768x242.jpg 768w, https:\/\/innovationsflughafen.de\/wp-content\/uploads\/2022\/12\/Fastgate-1536x483.jpg 1536w\" sizes=\"auto, (max-width: 2013px) 100vw, 2013px\" \/><div class=\"wp-block-cover__inner-container is-layout-flow wp-block-cover-is-layout-flow\">\n<div class=\"wp-block-group has-background-color has-text-color is-layout-constrained wp-container-core-group-is-layout-31e4b1cd wp-block-group-is-layout-constrained\" style=\"padding-top:30px;padding-bottom:30px\">\n<div class=\"wp-block-group is-content-justification-space-between is-nowrap is-layout-flex wp-container-core-group-is-layout-cb46ffcb wp-block-group-is-layout-flex\">\n<div class=\"wp-block-group is-layout-flow wp-block-group-is-layout-flow\">\n<h1 class=\"wp-block-heading animated slideInLeft\" style=\"font-size:clamp(2.2rem, 2.2rem + ((1vw - 0.2rem) * 2.25), 4rem);line-height:1.3;text-transform:uppercase\">Organisation<\/h1>\n<\/div>\n<\/div>\n<\/div>\n<\/div><\/div>\n<\/div>\n\n\n\n<div class=\"wp-block-group alignwide is-layout-flow wp-container-core-group-is-layout-e40cec3a wp-block-group-is-layout-flow\" id=\"Hauptinhalt\" style=\"margin-top:var(--wp--preset--spacing--50);margin-bottom:var(--wp--preset--spacing--50)\">\n<div class=\"wp-block-columns is-layout-flex wp-container-core-columns-is-layout-87beb0d0 wp-block-columns-is-layout-flex\">\n<div class=\"wp-block-column is-layout-flow wp-block-column-is-layout-flow\" style=\"flex-basis:30%\">\n<figure class=\"wp-block-image size-full\"><img loading=\"lazy\" decoding=\"async\" width=\"800\" height=\"800\" src=\"https:\/\/innovationsflughafen.de\/wp-content\/uploads\/2023\/02\/351_Vorfeld_Passkontrolle-Ankunft-mit-PAD-Slogan.jpg\" alt=\"\" class=\"wp-image-1323\" srcset=\"https:\/\/innovationsflughafen.de\/wp-content\/uploads\/2023\/02\/351_Vorfeld_Passkontrolle-Ankunft-mit-PAD-Slogan.jpg 800w, https:\/\/innovationsflughafen.de\/wp-content\/uploads\/2023\/02\/351_Vorfeld_Passkontrolle-Ankunft-mit-PAD-Slogan-300x300.jpg 300w, https:\/\/innovationsflughafen.de\/wp-content\/uploads\/2023\/02\/351_Vorfeld_Passkontrolle-Ankunft-mit-PAD-Slogan-150x150.jpg 150w, https:\/\/innovationsflughafen.de\/wp-content\/uploads\/2023\/02\/351_Vorfeld_Passkontrolle-Ankunft-mit-PAD-Slogan-768x768.jpg 768w\" sizes=\"auto, (max-width: 800px) 100vw, 800px\" \/><\/figure>\n<\/div>\n\n\n\n<div class=\"wp-block-column is-vertically-aligned-center is-layout-flow wp-block-column-is-layout-flow\" style=\"flex-basis:70%\">\n<div class=\"wp-block-group is-layout-constrained wp-container-core-group-is-layout-c9650106 wp-block-group-is-layout-constrained\" style=\"padding-top:0vw;padding-right:2vw;padding-bottom:2vw;padding-left:2vw\">\n<h2 class=\"wp-block-heading\" style=\"text-transform:uppercase\"><strong>Our core team<\/strong>:<br>Distinguished experts from business and science<\/h2>\n\n\n\n<p style=\"font-size:clamp(0.929rem, 0.929rem + ((1vw - 0.2rem) * 0.589), 1.4rem);\">Innovation Airport PAD is advancing its activities in a steering committee led by Christoph R\u00fcther, District Administrator of Paderborn and Chairman of the Supervisory Board of Paderborn-Lippstadt Airport. <\/p>\n\n\n\n<p style=\"font-size:clamp(0.929rem, 0.929rem + ((1vw - 0.2rem) * 0.589), 1.4rem);\"><\/p>\n<\/div>\n<\/div>\n<\/div>\n<\/div>\n\n\n\n<div class=\"wp-block-group alignfull has-background is-layout-constrained wp-block-group-is-layout-constrained\" id=\"Ansprechpartner\" style=\"background-color:#efefef;padding-top:var(--wp--preset--spacing--40);padding-bottom:var(--wp--preset--spacing--50)\">\n<div class=\"wp-block-group alignwide is-layout-constrained wp-block-group-is-layout-constrained\">\n<hr class=\"wp-block-separator has-alpha-channel-opacity is-style-gutwerker-separator-vertical\"\/>\n\n\n\n<h2 class=\"wp-block-heading has-text-align-center\" style=\"margin-bottom:60px;text-transform:uppercase\">Steering Committee<\/h2>\n\n\n\n<div class=\"wp-block-group alignwide is-layout-constrained wp-container-core-group-is-layout-86d90359 wp-block-group-is-layout-constrained\" style=\"padding-top:0;padding-right:0;padding-bottom:var(--wp--preset--spacing--40);padding-left:0\">\n<div class=\"wp-block-columns alignwide is-layout-flex wp-container-core-columns-is-layout-28f84493 wp-block-columns-is-layout-flex\">\n<div class=\"wp-block-column is-layout-flow wp-block-column-is-layout-flow\">\n<div class=\"wp-block-uagb-image uagb-block-131363f0 wp-block-uagb-image--layout-default wp-block-uagb-image--effect-static wp-block-uagb-image--align-none\"><figure class=\"wp-block-uagb-image__figure\"><img decoding=\"async\" srcset=\"https:\/\/innovationsflughafen.de\/wp-content\/uploads\/2023\/05\/Ruether.jpg \" sizes=\"auto, (max-width: 480px) 150px\" src=\"https:\/\/innovationsflughafen.de\/wp-content\/uploads\/2023\/05\/Ruether.jpg\" alt=\"\" class=\"uag-image-1471\" width=\"783\" height=\"450\" title=\"\" loading=\"lazy\"\/><\/figure><\/div>\n\n\n\n<div class=\"wp-block-group is-layout-constrained wp-container-core-group-is-layout-19e250f3 wp-block-group-is-layout-constrained\">\n<p class=\"has-medium-font-size\"><\/p>\n\n\n\n<p class=\"has-large-font-size\" style=\"text-transform:uppercase\"><strong>Christoph R\u00fcther <\/strong><\/p>\n\n\n\n<p class=\"has-medium-font-size\">Paderborn District Administrator<\/p>\n<\/div>\n\n\n\n<p><a href=\"tel:004929557610400\"><i class=\"icon fa fa-phone\" aria-hidden=\"true\"> <\/i><\/a> <a href=\"tel:+4952513088010\">+49 5251\/308-8010<\/a><br><a href=\"mailto:contact@kracht-consulting.de\" target=\"_blank\" rel=\"noreferrer noopener\"><\/a><a href=\"mailto:christoph.ruether@kreis-paderborn.de\">christoph.ruether@innovationsflughafen.de<\/a><\/p>\n<\/div>\n\n\n\n<div class=\"wp-block-column is-layout-flow wp-block-column-is-layout-flow\">\n<figure class=\"wp-block-image size-full\"><img loading=\"lazy\" decoding=\"async\" width=\"783\" height=\"450\" src=\"https:\/\/innovationsflughafen.de\/wp-content\/uploads\/2022\/12\/Hueser.jpg\" alt=\"\" class=\"wp-image-948\" srcset=\"https:\/\/innovationsflughafen.de\/wp-content\/uploads\/2022\/12\/Hueser.jpg 783w, https:\/\/innovationsflughafen.de\/wp-content\/uploads\/2022\/12\/Hueser-300x172.jpg 300w, https:\/\/innovationsflughafen.de\/wp-content\/uploads\/2022\/12\/Hueser-768x441.jpg 768w\" sizes=\"auto, (max-width: 783px) 100vw, 783px\" \/><\/figure>\n\n\n\n<div class=\"wp-block-group is-layout-constrained wp-container-core-group-is-layout-19e250f3 wp-block-group-is-layout-constrained\">\n<p class=\"has-medium-font-size\"><\/p>\n\n\n\n<p class=\"has-large-font-size\" style=\"text-transform:uppercase\"><strong>Roland H\u00fcser<\/strong><\/p>\n\n\n\n<p class=\"has-medium-font-size\">Managing Director, Paderborn-Lippstadt Airport&nbsp;<\/p>\n<\/div>\n\n\n\n<p><a href=\"tel:004929557610400\"><i class=\"icon fa fa-phone\" aria-hidden=\"true\">  <\/i><\/a><a href=\"tel:+49295577320\">+49 2955\/77-320<\/a><br><a href=\"mailto:contact@kracht-consulting.de\" target=\"_blank\" rel=\"noreferrer noopener\"><\/a><a href=\"mailto:hueser-r@airport-pad.com\">roland.hueser@innovationsflughafen.de<\/a><\/p>\n<\/div>\n<\/div>\n\n\n\n<div style=\"height:25px\" aria-hidden=\"true\" class=\"wp-block-spacer\"><\/div>\n\n\n\n<div class=\"wp-block-columns alignwide is-layout-flex wp-container-core-columns-is-layout-28f84493 wp-block-columns-is-layout-flex\">\n<div class=\"wp-block-column is-layout-flow wp-block-column-is-layout-flow\">\n<figure class=\"wp-block-image size-full\"><img loading=\"lazy\" decoding=\"async\" width=\"783\" height=\"450\" src=\"https:\/\/innovationsflughafen.de\/wp-content\/uploads\/2022\/12\/Heggemann.jpg\" alt=\"\" class=\"wp-image-892\" srcset=\"https:\/\/innovationsflughafen.de\/wp-content\/uploads\/2022\/12\/Heggemann.jpg 783w, https:\/\/innovationsflughafen.de\/wp-content\/uploads\/2022\/12\/Heggemann-300x172.jpg 300w, https:\/\/innovationsflughafen.de\/wp-content\/uploads\/2022\/12\/Heggemann-768x441.jpg 768w\" sizes=\"auto, (max-width: 783px) 100vw, 783px\" \/><\/figure>\n\n\n\n<div class=\"wp-block-group is-layout-constrained wp-container-core-group-is-layout-19e250f3 wp-block-group-is-layout-constrained\">\n<p class=\"has-medium-font-size\"><\/p>\n\n\n\n<p class=\"has-large-font-size\" style=\"text-transform:uppercase\"><strong>Robert Heggemann<\/strong><\/p>\n\n\n\n<p>Chairman of the Supervisory Board, HEGGEMANN AG&nbsp;<\/p>\n<\/div>\n\n\n\n<p><a href=\"tel:00495251602090\"><i class=\"icon fa fa-phone\" aria-hidden=\"true\"> <\/i><\/a> <a href=\"mailto:thorben.burghardt@adbsafegate.com\" target=\"_blank\" rel=\"noreferrer noopener\"><\/a><a href=\"tel:+4929557610130\">+49 2955\/7610-130<\/a><br><a href=\"mailto:robert.heggemann@innovationsflughafen.de\">robert.heggemann@innovationsflughafen.de<\/a><\/p>\n<\/div>\n\n\n\n<div class=\"wp-block-column is-layout-flow wp-block-column-is-layout-flow\">\n<figure class=\"wp-block-image size-full\"><img loading=\"lazy\" decoding=\"async\" width=\"783\" height=\"450\" src=\"https:\/\/innovationsflughafen.de\/wp-content\/uploads\/2022\/12\/Fahr.jpg\" alt=\"\" class=\"wp-image-946\" srcset=\"https:\/\/innovationsflughafen.de\/wp-content\/uploads\/2022\/12\/Fahr.jpg 783w, https:\/\/innovationsflughafen.de\/wp-content\/uploads\/2022\/12\/Fahr-300x172.jpg 300w, https:\/\/innovationsflughafen.de\/wp-content\/uploads\/2022\/12\/Fahr-768x441.jpg 768w\" sizes=\"auto, (max-width: 783px) 100vw, 783px\" \/><\/figure>\n\n\n\n<div class=\"wp-block-group is-layout-constrained wp-container-core-group-is-layout-19e250f3 wp-block-group-is-layout-constrained\">\n<p class=\"has-medium-font-size\"><\/p>\n\n\n\n<p class=\"has-large-font-size\" style=\"text-transform:uppercase\">Prof. Dr. <strong>Ren\u00e9 Fahr<\/strong><\/p>\n\n\n\n<p class=\"has-medium-font-size\">Paderborn University<\/p>\n<\/div>\n\n\n\n<p><a href=\"tel:00495251602090\"><i class=\"icon fa fa-phone\" aria-hidden=\"true\"> <\/i> +49 5251 60-2090<\/a><br><a href=\"http:\/\/++491732680883\"><i class=\"icon fa fa-mobile\" aria-hidden=\"true\"> <\/i> +49 173 2680883<\/a><br><a href=\"mailto:rene.fahr@innovationsflughafen.de\">rene.fahr@innovationsflughafen.de<\/a><\/p>\n<\/div>\n<\/div>\n<\/div>\n<\/div>\n\n\n\n<div class=\"wp-block-group alignwide is-layout-constrained wp-block-group-is-layout-constrained\">\n<hr class=\"wp-block-separator has-alpha-channel-opacity is-style-gutwerker-separator-vertical\"\/>\n\n\n\n<h2 class=\"wp-block-heading has-text-align-center\" style=\"margin-bottom:60px;text-transform:uppercase\">Network Coordination<\/h2>\n\n\n\n<div class=\"wp-block-group alignwide is-layout-constrained wp-container-core-group-is-layout-86d90359 wp-block-group-is-layout-constrained\" style=\"padding-top:0;padding-right:0;padding-bottom:var(--wp--preset--spacing--40);padding-left:0\">\n<div class=\"wp-block-columns alignwide is-layout-flex wp-container-core-columns-is-layout-28f84493 wp-block-columns-is-layout-flex\">\n<div class=\"wp-block-column is-layout-flow wp-block-column-is-layout-flow\">\n<figure class=\"wp-block-image size-full\"><img loading=\"lazy\" decoding=\"async\" width=\"783\" height=\"450\" src=\"https:\/\/innovationsflughafen.de\/wp-content\/uploads\/2022\/12\/Reeh.jpg\" alt=\"Portraitfoto von Frau Reeh\" class=\"wp-image-947\" srcset=\"https:\/\/innovationsflughafen.de\/wp-content\/uploads\/2022\/12\/Reeh.jpg 783w, https:\/\/innovationsflughafen.de\/wp-content\/uploads\/2022\/12\/Reeh-300x172.jpg 300w, https:\/\/innovationsflughafen.de\/wp-content\/uploads\/2022\/12\/Reeh-768x441.jpg 768w\" sizes=\"auto, (max-width: 783px) 100vw, 783px\" \/><\/figure>\n\n\n\n<div class=\"wp-block-group is-layout-constrained wp-container-core-group-is-layout-19e250f3 wp-block-group-is-layout-constrained\">\n<p class=\"has-medium-font-size\"><\/p>\n\n\n\n<p class=\"has-large-font-size\" style=\"text-transform:uppercase\"><strong>Angie Reeh&nbsp;<\/strong><\/p>\n\n\n\n<p class=\"has-medium-font-size\">Paderborn District<\/p>\n<\/div>\n\n\n\n<p><a href=\"tel:004929557610400\"><i class=\"icon fa fa-phone\" aria-hidden=\"true\"> <\/i><\/a> <a href=\"tel:+4952513083025\">+49 5251\/308-3025<\/a>&nbsp;<br><a href=\"mailto:angie.reeh@innovationsflughafen.de\">angie.reeh@innovationsflughafen.de<\/a><\/p>\n<\/div>\n\n\n\n<div class=\"wp-block-column is-layout-flow wp-block-column-is-layout-flow\">\n<div class=\"wp-block-group is-layout-constrained wp-container-core-group-is-layout-19e250f3 wp-block-group-is-layout-constrained\">\n<p class=\"has-medium-font-size\"><\/p>\n\n\n\n<p class=\"has-large-font-size\" style=\"text-transform:uppercase\"><\/p>\n\n\n\n<p class=\"has-medium-font-size\"><\/p>\n<\/div>\n\n\n\n<p><\/p>\n<\/div>\n<\/div>\n<\/div>\n<\/div>\n<\/div>","protected":false},"excerpt":{"rendered":"<p>Unser Kernteam:Profilierte Experten aus Wirtschaft und Wissenschaft Der Innovationsflughafen PAD treibt seine Aktivit\u00e4ten in einem Lenkungskreis unter F\u00fchrung von Christoph R\u00fcther, Landrat des Kreises Paderborn und Vorsitzender des Aufsichtsrates des Flughafens Paderborn\/Lippstadt, voran. Lenkungskreis Christoph R\u00fcther Landrat, Kreis Paderborn +49 5251\/308-8010christoph.ruether@innovationsflughafen.de Roland H\u00fcser Gesch\u00e4ftsf\u00fchrer, Flughafen Paderborn \/Lippstadt&nbsp; +49 2955\/77-320roland.hueser@innovationsflughafen.de Robert Heggemann Aufsichtsratsvorsitzender, HEGGEMANN AG&nbsp; +49&hellip;<\/p>","protected":false},"author":1,"featured_media":0,"parent":0,"menu_order":0,"comment_status":"closed","ping_status":"closed","template":"","meta":{"_acf_changed":false,"_gspb_post_css":"","_uag_custom_page_level_css":"","footnotes":""},"class_list":["post-932","page","type-page","status-publish","hentry"],"acf":[],"featured_image_src":"","featured_image_src_square":false,"rbea_author_info":{"display_name":"admin","author_link":"https:\/\/innovationsflughafen.de\/en\/author\/silbergold\/"},"rbea_excerpt_info":"Unser Kernteam:Profilierte Experten aus Wirtschaft und Wissenschaft Der Innovationsflughafen PAD treibt seine Aktivit\u00e4ten in einem Lenkungskreis unter F\u00fchrung von Christoph R\u00fcther, Landrat des Kreises Paderborn und Vorsitzender des Aufsichtsrates des Flughafens Paderborn\/Lippstadt, voran. Lenkungskreis Christoph R\u00fcther Landrat, Kreis Paderborn +49 5251\/308-8010christoph.ruether@innovationsflughafen.de Roland H\u00fcser Gesch\u00e4ftsf\u00fchrer, Flughafen Paderborn \/Lippstadt&nbsp; +49 2955\/77-320roland.hueser@innovationsflughafen.de Robert Heggemann Aufsichtsratsvorsitzender, HEGGEMANN AG&nbsp; +49&hellip;","uagb_featured_image_src":{"full":false,"thumbnail":false,"medium":false,"medium_large":false,"large":false,"1536x1536":false,"2048x2048":false,"trp-custom-language-flag":false},"uagb_author_info":{"display_name":"admin","author_link":"https:\/\/innovationsflughafen.de\/en\/author\/silbergold\/"},"uagb_comment_info":0,"uagb_excerpt":"Unser Kernteam:Profilierte Experten aus Wirtschaft und Wissenschaft Der Innovationsflughafen PAD treibt seine Aktivit\u00e4ten in einem Lenkungskreis unter F\u00fchrung von Christoph R\u00fcther, Landrat des Kreises Paderborn und Vorsitzender des Aufsichtsrates des Flughafens Paderborn\/Lippstadt, voran. Lenkungskreis Christoph R\u00fcther Landrat, Kreis Paderborn +49 5251\/308-8010christoph.ruether@innovationsflughafen.de Roland H\u00fcser Gesch\u00e4ftsf\u00fchrer, Flughafen Paderborn \/Lippstadt&nbsp; +49 2955\/77-320roland.hueser@innovationsflughafen.de Robert Heggemann Aufsichtsratsvorsitzender, HEGGEMANN AG&nbsp; +49&hellip;","_links":{"self":[{"href":"https:\/\/innovationsflughafen.de\/en\/wp-json\/wp\/v2\/pages\/932","targetHints":{"allow":["GET"]}}],"collection":[{"href":"https:\/\/innovationsflughafen.de\/en\/wp-json\/wp\/v2\/pages"}],"about":[{"href":"https:\/\/innovationsflughafen.de\/en\/wp-json\/wp\/v2\/types\/page"}],"author":[{"embeddable":true,"href":"https:\/\/innovationsflughafen.de\/en\/wp-json\/wp\/v2\/users\/1"}],"replies":[{"embeddable":true,"href":"https:\/\/innovationsflughafen.de\/en\/wp-json\/wp\/v2\/comments?post=932"}],"version-history":[{"count":19,"href":"https:\/\/innovationsflughafen.de\/en\/wp-json\/wp\/v2\/pages\/932\/revisions"}],"predecessor-version":[{"id":1472,"href":"https:\/\/innovationsflughafen.de\/en\/wp-json\/wp\/v2\/pages\/932\/revisions\/1472"}],"wp:attachment":[{"href":"https:\/\/innovationsflughafen.de\/en\/wp-json\/wp\/v2\/media?parent=932"}],"curies":[{"name":"wp","href":"https:\/\/api.w.org\/{rel}","templated":true}]}}