{"id":717,"date":"2022-12-05T10:18:08","date_gmt":"2022-12-05T10:18:08","guid":{"rendered":"http:\/\/innovationsflughafen.de\/?page_id=717"},"modified":"2025-11-26T09:35:46","modified_gmt":"2025-11-26T09:35:46","slug":"aem-speedport","status":"publish","type":"page","link":"https:\/\/innovationsflughafen.de\/en\/projekte\/aem-speedport\/","title":{"rendered":"AeM Speedport"},"content":{"rendered":"<div class=\"wp-block-group alignfull is-layout-flow wp-block-group-is-layout-flow\" id=\"Kopfbild\" style=\"margin-bottom:0\">\n<div class=\"wp-block-cover is-light has-custom-content-position is-position-bottom-left linksbuendig\" style=\"min-height:566px;aspect-ratio:unset;\"><img loading=\"lazy\" decoding=\"async\" width=\"2560\" height=\"1707\" class=\"wp-block-cover__image-background wp-image-818\" alt=\"\" src=\"https:\/\/innovationsflughafen.de\/wp-content\/uploads\/2022\/12\/Aero-Speedport-2-scaled.jpg\" style=\"object-position:44% 35%\" data-object-fit=\"cover\" data-object-position=\"44% 35%\" srcset=\"https:\/\/innovationsflughafen.de\/wp-content\/uploads\/2022\/12\/Aero-Speedport-2-scaled.jpg 2560w, https:\/\/innovationsflughafen.de\/wp-content\/uploads\/2022\/12\/Aero-Speedport-2-300x200.jpg 300w, https:\/\/innovationsflughafen.de\/wp-content\/uploads\/2022\/12\/Aero-Speedport-2-1024x683.jpg 1024w, https:\/\/innovationsflughafen.de\/wp-content\/uploads\/2022\/12\/Aero-Speedport-2-768x512.jpg 768w, https:\/\/innovationsflughafen.de\/wp-content\/uploads\/2022\/12\/Aero-Speedport-2-1536x1024.jpg 1536w, https:\/\/innovationsflughafen.de\/wp-content\/uploads\/2022\/12\/Aero-Speedport-2-2048x1365.jpg 2048w\" sizes=\"auto, (max-width: 2560px) 100vw, 2560px\" \/><span aria-hidden=\"true\" class=\"wp-block-cover__background has-background-dim-0 has-background-dim\"><\/span><div class=\"wp-block-cover__inner-container is-layout-flow wp-block-cover-is-layout-flow\">\n<div class=\"wp-block-group has-background-color has-text-color is-layout-constrained wp-container-core-group-is-layout-31e4b1cd wp-block-group-is-layout-constrained\" style=\"padding-top:30px;padding-bottom:30px\">\n<div class=\"wp-block-group is-content-justification-space-between is-nowrap is-layout-flex wp-container-core-group-is-layout-cb46ffcb wp-block-group-is-layout-flex\">\n<div class=\"wp-block-group is-layout-flow wp-block-group-is-layout-flow\">\n<h1 class=\"wp-block-heading animated slideInLeft\" id=\"aem-speedport\" style=\"font-size:clamp(2.2rem, 2.2rem + ((1vw - 0.2rem) * 2.25), 4rem);line-height:1.3\">AEM-SPEEDPORT<\/h1>\n<\/div>\n<\/div>\n<\/div>\n<\/div><\/div>\n<\/div>\n\n\n\n<div class=\"wp-block-group alignwide is-layout-flow wp-container-core-group-is-layout-e40cec3a wp-block-group-is-layout-flow\" id=\"Hauptinhalt\" style=\"margin-top:var(--wp--preset--spacing--50);margin-bottom:var(--wp--preset--spacing--50)\">\n<div class=\"wp-block-columns is-layout-flex wp-container-core-columns-is-layout-87beb0d0 wp-block-columns-is-layout-flex\">\n<div class=\"wp-block-column is-layout-flow wp-block-column-is-layout-flow\" style=\"flex-basis:30%\">\n<figure class=\"wp-block-image size-full\"><img loading=\"lazy\" decoding=\"async\" width=\"800\" height=\"800\" src=\"https:\/\/innovationsflughafen.de\/wp-content\/uploads\/2023\/02\/240_Vorfeld_Ramp-Agent-faehrt-Fluggastbruecke8.jpg\" alt=\"\" class=\"wp-image-1325\" srcset=\"https:\/\/innovationsflughafen.de\/wp-content\/uploads\/2023\/02\/240_Vorfeld_Ramp-Agent-faehrt-Fluggastbruecke8.jpg 800w, https:\/\/innovationsflughafen.de\/wp-content\/uploads\/2023\/02\/240_Vorfeld_Ramp-Agent-faehrt-Fluggastbruecke8-300x300.jpg 300w, https:\/\/innovationsflughafen.de\/wp-content\/uploads\/2023\/02\/240_Vorfeld_Ramp-Agent-faehrt-Fluggastbruecke8-150x150.jpg 150w, https:\/\/innovationsflughafen.de\/wp-content\/uploads\/2023\/02\/240_Vorfeld_Ramp-Agent-faehrt-Fluggastbruecke8-768x768.jpg 768w\" sizes=\"auto, (max-width: 800px) 100vw, 800px\" \/><\/figure>\n<\/div>\n\n\n\n<div class=\"wp-block-column is-layout-flow wp-block-column-is-layout-flow\" style=\"flex-basis:70%\">\n<div class=\"wp-block-group is-layout-constrained wp-container-core-group-is-layout-c9650106 wp-block-group-is-layout-constrained\" style=\"padding-top:0vw;padding-right:2vw;padding-bottom:2vw;padding-left:2vw\">\n<h2 class=\"wp-block-heading\" id=\"aem-speedportnachhaltige-mobilitat-durch-autonomes-manovrieren-von-flugzeugen\"><strong>AEM-Speedport<\/strong><br><strong>Autonomous maneuvering of aircraft ensures sustainable mobility<\/strong><\/h2>\n\n\n\n<p style=\"font-size:clamp(0.929rem, 0.929rem + ((1vw - 0.2rem) * 0.589), 1.4rem);\">The \u2018AEM Speedport\u2019 project stands for a significant transformation in the aviation industry: aircraft are to be manoeuvred completely autonomously and without engine power from the parking position towards the runway and, after landing, to the gate. At the heart of the control system will be an interactive control centre in which all aircraft movements will be carried out using state-of-the-art sensor technology and AI-supported processes. This project approach automates highly critical processes on the APRON and beyond, as part of the vision of a fully automated airport of the future.&nbsp;<\/p>\n<\/div>\n<\/div>\n<\/div>\n<\/div>\n\n\n\n<div class=\"wp-block-group alignfull has-background is-layout-constrained wp-block-group-is-layout-constrained\" id=\"Ansprechpartner\" style=\"background-color:#efefef;padding-top:var(--wp--preset--spacing--40);padding-bottom:var(--wp--preset--spacing--50)\">\n<div class=\"wp-block-group alignwide is-layout-constrained wp-block-group-is-layout-constrained\">\n<hr class=\"wp-block-separator has-alpha-channel-opacity is-style-gutwerker-separator-vertical\"\/>\n\n\n\n<h2 class=\"wp-block-heading has-text-align-center\" id=\"ansprechpartner\" style=\"margin-bottom:60px;text-transform:uppercase\">CONTACT PERSONS<\/h2>\n\n\n\n<div class=\"wp-block-group alignwide is-nowrap is-layout-flex wp-container-core-group-is-layout-f66f9956 wp-block-group-is-layout-flex\">\n<div class=\"wp-block-group alignwide is-layout-constrained wp-container-core-group-is-layout-86d90359 wp-block-group-is-layout-constrained\" style=\"padding-top:0;padding-right:0;padding-bottom:var(--wp--preset--spacing--40);padding-left:0\">\n<div class=\"wp-block-columns alignwide is-layout-flex wp-container-core-columns-is-layout-28f84493 wp-block-columns-is-layout-flex\">\n<div class=\"wp-block-column is-layout-flow wp-block-column-is-layout-flow\" style=\"flex-basis:780px\">\n<figure class=\"wp-block-image size-full\"><img loading=\"lazy\" decoding=\"async\" width=\"783\" height=\"450\" src=\"https:\/\/innovationsflughafen.de\/wp-content\/uploads\/2024\/07\/Stefan-Schroeder.jpg\" alt=\"\" class=\"wp-image-2149\" srcset=\"https:\/\/innovationsflughafen.de\/wp-content\/uploads\/2024\/07\/Stefan-Schroeder.jpg 783w, https:\/\/innovationsflughafen.de\/wp-content\/uploads\/2024\/07\/Stefan-Schroeder-300x172.jpg 300w, https:\/\/innovationsflughafen.de\/wp-content\/uploads\/2024\/07\/Stefan-Schroeder-768x441.jpg 768w, https:\/\/innovationsflughafen.de\/wp-content\/uploads\/2024\/07\/Stefan-Schroeder-18x10.jpg 18w\" sizes=\"auto, (max-width: 783px) 100vw, 783px\" \/><\/figure>\n\n\n\n<div class=\"wp-block-group is-content-justification-space-between is-nowrap is-layout-flex wp-container-core-group-is-layout-297ebdc2 wp-block-group-is-layout-flex\">\n<div class=\"wp-block-group is-layout-constrained wp-container-core-group-is-layout-19e250f3 wp-block-group-is-layout-constrained\">\n<p class=\"has-medium-font-size\"><\/p>\n\n\n\n<p class=\"has-large-font-size\" style=\"text-transform:uppercase\"><strong>Stefan Schr\u00f6der<\/strong><strong style=\"font-size: 1.75rem; color: var(--wp--preset--color--foreground); font-family: var(--wp--preset--font-family--roboto);\">&nbsp;<\/strong><\/p>\n\n\n\n<p class=\"has-medium-font-size\">Consortium leader<br>LNC LogisticNetwork Consultants GmbH<\/p>\n<\/div>\n\n\n\n<figure class=\"wp-block-image size-full is-resized is-style-default\"><img loading=\"lazy\" decoding=\"async\" width=\"410\" height=\"150\" src=\"https:\/\/innovationsflughafen.de\/wp-content\/uploads\/2024\/07\/LNC-Signet-150.png\" alt=\"\" class=\"wp-image-2151\" style=\"width:250px\" srcset=\"https:\/\/innovationsflughafen.de\/wp-content\/uploads\/2024\/07\/LNC-Signet-150.png 410w, https:\/\/innovationsflughafen.de\/wp-content\/uploads\/2024\/07\/LNC-Signet-150-300x110.png 300w, https:\/\/innovationsflughafen.de\/wp-content\/uploads\/2024\/07\/LNC-Signet-150-18x7.png 18w\" sizes=\"auto, (max-width: 410px) 100vw, 410px\" \/><\/figure>\n<\/div>\n\n\n\n<div class=\"wp-block-group is-content-justification-left is-layout-constrained wp-container-core-group-is-layout-12dd3699 wp-block-group-is-layout-constrained\">\n<p><a href=\"tel:004929557610400\"><i class=\"icon fa fa-phone\" aria-hidden=\"true\"> <\/i><\/a> <a href=\"tel:+4951135779211\" data-type=\"tel\" data-id=\"tel:+ 49 1726070949\">+49 511357792-11<\/a><br><a href=\"mailto:sts@lnc-hannover.de\">sts@lnc-hannover.de<\/a><\/p>\n<\/div>\n<\/div>\n<\/div>\n<\/div>\n\n\n\n<div class=\"wp-block-group alignwide is-layout-constrained wp-container-core-group-is-layout-86d90359 wp-block-group-is-layout-constrained\" style=\"padding-top:0;padding-right:0;padding-bottom:var(--wp--preset--spacing--40);padding-left:0\">\n<div class=\"wp-block-columns alignwide is-layout-flex wp-container-core-columns-is-layout-28f84493 wp-block-columns-is-layout-flex\">\n<div class=\"wp-block-column is-layout-flow wp-block-column-is-layout-flow\" style=\"flex-basis:780px\">\n<figure class=\"wp-block-image size-full\"><img loading=\"lazy\" decoding=\"async\" width=\"783\" height=\"450\" src=\"https:\/\/innovationsflughafen.de\/wp-content\/uploads\/2024\/11\/Stefan-Kracht.jpg\" alt=\"\" class=\"wp-image-2316\" srcset=\"https:\/\/innovationsflughafen.de\/wp-content\/uploads\/2024\/11\/Stefan-Kracht.jpg 783w, https:\/\/innovationsflughafen.de\/wp-content\/uploads\/2024\/11\/Stefan-Kracht-300x172.jpg 300w, https:\/\/innovationsflughafen.de\/wp-content\/uploads\/2024\/11\/Stefan-Kracht-768x441.jpg 768w, https:\/\/innovationsflughafen.de\/wp-content\/uploads\/2024\/11\/Stefan-Kracht-18x10.jpg 18w\" sizes=\"auto, (max-width: 783px) 100vw, 783px\" \/><\/figure>\n\n\n\n<div class=\"wp-block-group is-content-justification-space-between is-nowrap is-layout-flex wp-container-core-group-is-layout-297ebdc2 wp-block-group-is-layout-flex\">\n<div class=\"wp-block-group is-layout-constrained wp-container-core-group-is-layout-19e250f3 wp-block-group-is-layout-constrained\">\n<p class=\"has-medium-font-size\"><\/p>\n\n\n\n<p class=\"has-large-font-size\" style=\"text-transform:uppercase\"><strong>StefaN Kracht<\/strong><\/p>\n\n\n\n<p class=\"has-medium-font-size\">Senior Project Manager<\/p>\n\n\n\n<p class=\"has-medium-font-size\"><\/p>\n<\/div>\n\n\n\n<div class=\"wp-block-group is-layout-constrained wp-block-group-is-layout-constrained\">\n<figure class=\"wp-block-image size-full is-resized is-style-default wp-duotone-333-rgb254175-1\"><img decoding=\"async\" src=\"https:\/\/innovationsflughafen.de\/wp-content\/uploads\/2024\/11\/kac_logowhite-001.png\" alt=\"\" class=\"wp-image-2317\" style=\"width:223px;height:auto\"\/><\/figure>\n<\/div>\n<\/div>\n\n\n\n<div class=\"wp-block-group is-content-justification-left is-layout-constrained wp-container-core-group-is-layout-12dd3699 wp-block-group-is-layout-constrained\">\n<p><a href=\"tel:004929557610400\"><i class=\"icon fa fa-phone\" aria-hidden=\"true\"> <\/i><\/a> <a href=\"tel:+491726070949\" data-type=\"tel\" data-id=\"tel:+ 49 1726070949\">+49 1726070949<\/a><br><a href=\"mailto:sts@lnc-hannover.de\">contact@kracht-consulting.com<\/a><\/p>\n<\/div>\n<\/div>\n<\/div>\n<\/div>\n<\/div>\n<\/div>\n<\/div>\n\n\n\n<div class=\"wp-block-group alignwide is-layout-constrained wp-block-group-is-layout-constrained\" style=\"margin-bottom:var(--wp--preset--spacing--40)\">\n<div class=\"wp-block-uagb-container uagb-block-bde31996 alignfull uagb-is-root-container\"><div class=\"uagb-container-inner-blocks-wrap\">\n<div class=\"wp-block-uagb-container uagb-block-e87d4129\">\n<figure class=\"wp-block-image size-full\"><a href=\"https:\/\/www.airport-pad.com\/de\/\" target=\"_blank\" rel=\"noopener\"><img loading=\"lazy\" decoding=\"async\" width=\"480\" height=\"360\" src=\"https:\/\/innovationsflughafen.de\/wp-content\/uploads\/2023\/01\/Flughafen-PB-LIP-Kopie-1.png\" alt=\"\" class=\"wp-image-1179\" srcset=\"https:\/\/innovationsflughafen.de\/wp-content\/uploads\/2023\/01\/Flughafen-PB-LIP-Kopie-1.png 480w, https:\/\/innovationsflughafen.de\/wp-content\/uploads\/2023\/01\/Flughafen-PB-LIP-Kopie-1-300x225.png 300w\" sizes=\"auto, (max-width: 480px) 100vw, 480px\" \/><\/a><\/figure>\n<\/div>\n\n\n\n<div class=\"wp-block-uagb-container uagb-block-d3ec54b0\">\n<figure class=\"wp-block-image size-full\"><a href=\"https:\/\/adbsafegate.com\/\" target=\"_blank\" rel=\"noreferrer noopener\"><img loading=\"lazy\" decoding=\"async\" width=\"1000\" height=\"437\" src=\"https:\/\/innovationsflughafen.de\/wp-content\/uploads\/2022\/12\/ADB.png\" alt=\"\" class=\"wp-image-927\" srcset=\"https:\/\/innovationsflughafen.de\/wp-content\/uploads\/2022\/12\/ADB.png 1000w, https:\/\/innovationsflughafen.de\/wp-content\/uploads\/2022\/12\/ADB-300x131.png 300w, https:\/\/innovationsflughafen.de\/wp-content\/uploads\/2022\/12\/ADB-768x336.png 768w\" sizes=\"auto, (max-width: 1000px) 100vw, 1000px\" \/><\/a><\/figure>\n<\/div>\n\n\n\n<div class=\"wp-block-uagb-container uagb-block-496640e9\">\n<figure class=\"wp-block-image size-full\"><a href=\"https:\/\/towflexx.de\/\" target=\"_blank\" rel=\"noreferrer noopener\"><img loading=\"lazy\" decoding=\"async\" width=\"520\" height=\"250\" src=\"https:\/\/innovationsflughafen.de\/wp-content\/uploads\/2023\/12\/Partnerlogos2.png\" alt=\"TowFlex Logo\" class=\"wp-image-1798\" srcset=\"https:\/\/innovationsflughafen.de\/wp-content\/uploads\/2023\/12\/Partnerlogos2.png 520w, https:\/\/innovationsflughafen.de\/wp-content\/uploads\/2023\/12\/Partnerlogos2-300x144.png 300w, https:\/\/innovationsflughafen.de\/wp-content\/uploads\/2023\/12\/Partnerlogos2-18x9.png 18w\" sizes=\"auto, (max-width: 520px) 100vw, 520px\" \/><\/a><\/figure>\n<\/div>\n\n\n\n<div class=\"wp-block-uagb-container uagb-block-4a9caf82 alignfull uagb-is-root-container\"><div class=\"uagb-container-inner-blocks-wrap\">\n<figure class=\"wp-block-image size-full\"><a href=\"https:\/\/sits.com\/de\/\" target=\"_blank\" rel=\"noreferrer noopener\"><img loading=\"lazy\" decoding=\"async\" width=\"520\" height=\"250\" src=\"https:\/\/innovationsflughafen.de\/wp-content\/uploads\/2023\/12\/Partnerlogos4.png\" alt=\"Swiss IT Security Logo\" class=\"wp-image-1800\" srcset=\"https:\/\/innovationsflughafen.de\/wp-content\/uploads\/2023\/12\/Partnerlogos4.png 520w, https:\/\/innovationsflughafen.de\/wp-content\/uploads\/2023\/12\/Partnerlogos4-300x144.png 300w, https:\/\/innovationsflughafen.de\/wp-content\/uploads\/2023\/12\/Partnerlogos4-18x9.png 18w\" sizes=\"auto, (max-width: 520px) 100vw, 520px\" \/><\/a><\/figure>\n<\/div><\/div>\n\n\n\n<div class=\"wp-block-uagb-container uagb-block-8cd54856\">\n<figure class=\"wp-block-image size-full\"><img loading=\"lazy\" decoding=\"async\" width=\"520\" height=\"250\" src=\"https:\/\/innovationsflughafen.de\/wp-content\/uploads\/2023\/12\/Partnerlogos6.png\" alt=\"Moving Positions Logo\" class=\"wp-image-1802\" srcset=\"https:\/\/innovationsflughafen.de\/wp-content\/uploads\/2023\/12\/Partnerlogos6.png 520w, https:\/\/innovationsflughafen.de\/wp-content\/uploads\/2023\/12\/Partnerlogos6-300x144.png 300w, https:\/\/innovationsflughafen.de\/wp-content\/uploads\/2023\/12\/Partnerlogos6-18x9.png 18w\" sizes=\"auto, (max-width: 520px) 100vw, 520px\" \/><\/figure>\n<\/div>\n<\/div><\/div>\n\n\n\n<div class=\"wp-block-uagb-container uagb-block-06730d05 alignfull uagb-is-root-container\"><div class=\"uagb-container-inner-blocks-wrap\">\n<div class=\"wp-block-uagb-container uagb-block-0e12340a\">\n<figure class=\"wp-block-image size-full\"><a href=\"https:\/\/www.th-owl.de\/\" target=\"_blank\" rel=\"noreferrer noopener\"><img loading=\"lazy\" decoding=\"async\" width=\"600\" height=\"362\" src=\"https:\/\/innovationsflughafen.de\/wp-content\/uploads\/2024\/07\/logo-notch-th-owl_300.png\" alt=\"\" class=\"wp-image-2156\" srcset=\"https:\/\/innovationsflughafen.de\/wp-content\/uploads\/2024\/07\/logo-notch-th-owl_300.png 600w, https:\/\/innovationsflughafen.de\/wp-content\/uploads\/2024\/07\/logo-notch-th-owl_300-300x181.png 300w, https:\/\/innovationsflughafen.de\/wp-content\/uploads\/2024\/07\/logo-notch-th-owl_300-18x12.png 18w\" sizes=\"auto, (max-width: 600px) 100vw, 600px\" \/><\/a><\/figure>\n<\/div>\n\n\n\n<div class=\"wp-block-uagb-container uagb-block-4b769c4f\">\n<div class=\"wp-block-uagb-image uagb-block-e5153d62 wp-block-uagb-image--layout-default wp-block-uagb-image--effect-static wp-block-uagb-image--align-none\"><figure class=\"wp-block-uagb-image__figure\"><a class=\"\" href=\"https:\/\/www.uni-paderborn.de\/\" target=\"_blank\" rel=\"noreferrer noopener\"><img decoding=\"async\" srcset=\"https:\/\/innovationsflughafen.de\/wp-content\/uploads\/2023\/12\/Partnerlogos.png ,https:\/\/innovationsflughafen.de\/wp-content\/uploads\/2023\/12\/Partnerlogos.png 780w, https:\/\/innovationsflughafen.de\/wp-content\/uploads\/2023\/12\/Partnerlogos.png 360w\" sizes=\"auto, (max-width: 480px) 150px\" src=\"https:\/\/innovationsflughafen.de\/wp-content\/uploads\/2023\/12\/Partnerlogos.png\" alt=\"Universit\u00e4t Paderborn\" class=\"uag-image-1797\" width=\"480\" height=\"360\" title=\"\" loading=\"lazy\" role=\"img\"\/><\/a><\/figure><\/div>\n<\/div>\n\n\n\n<div class=\"wp-block-uagb-container uagb-block-83613b25\">\n<figure class=\"wp-block-image size-full\"><a href=\"https:\/\/www.dlr.de\/de\" target=\"_blank\" rel=\"noreferrer noopener\"><img loading=\"lazy\" decoding=\"async\" width=\"520\" height=\"250\" src=\"https:\/\/innovationsflughafen.de\/wp-content\/uploads\/2023\/12\/Partnerlogos9.png\" alt=\"DLR Logo\" class=\"wp-image-1806\" srcset=\"https:\/\/innovationsflughafen.de\/wp-content\/uploads\/2023\/12\/Partnerlogos9.png 520w, https:\/\/innovationsflughafen.de\/wp-content\/uploads\/2023\/12\/Partnerlogos9-300x144.png 300w, https:\/\/innovationsflughafen.de\/wp-content\/uploads\/2023\/12\/Partnerlogos9-18x9.png 18w\" sizes=\"auto, (max-width: 520px) 100vw, 520px\" \/><\/a><\/figure>\n<\/div>\n\n\n\n<div class=\"wp-block-uagb-container uagb-block-facbdae7\">\n<figure class=\"wp-block-image size-full\"><a href=\"https:\/\/www.lnc-hannover.com\/\" target=\"_blank\" rel=\"noreferrer noopener\"><img loading=\"lazy\" decoding=\"async\" width=\"520\" height=\"250\" src=\"https:\/\/innovationsflughafen.de\/wp-content\/uploads\/2023\/12\/Partnerlogos5.png\" alt=\"LNC Logo\" class=\"wp-image-1803\" srcset=\"https:\/\/innovationsflughafen.de\/wp-content\/uploads\/2023\/12\/Partnerlogos5.png 520w, https:\/\/innovationsflughafen.de\/wp-content\/uploads\/2023\/12\/Partnerlogos5-300x144.png 300w, https:\/\/innovationsflughafen.de\/wp-content\/uploads\/2023\/12\/Partnerlogos5-18x9.png 18w\" sizes=\"auto, (max-width: 520px) 100vw, 520px\" \/><\/a><\/figure>\n<\/div>\n\n\n\n<div class=\"wp-block-uagb-container uagb-block-216e69ad\">\n<figure class=\"wp-block-image size-full\"><a href=\"https:\/\/www.eml.org\/\" target=\"_blank\" rel=\"noreferrer noopener\"><img loading=\"lazy\" decoding=\"async\" width=\"520\" height=\"250\" src=\"https:\/\/innovationsflughafen.de\/wp-content\/uploads\/2023\/12\/Partnerlogos8.png\" alt=\"EML Logo\" class=\"wp-image-1805\" srcset=\"https:\/\/innovationsflughafen.de\/wp-content\/uploads\/2023\/12\/Partnerlogos8.png 520w, https:\/\/innovationsflughafen.de\/wp-content\/uploads\/2023\/12\/Partnerlogos8-300x144.png 300w, https:\/\/innovationsflughafen.de\/wp-content\/uploads\/2023\/12\/Partnerlogos8-18x9.png 18w\" sizes=\"auto, (max-width: 520px) 100vw, 520px\" \/><\/a><\/figure>\n<\/div>\n<\/div><\/div>\n<\/div>","protected":false},"excerpt":{"rendered":"<p>AEM-SpeedportNachhaltige Mobilit\u00e4t durch autonomes Man\u00f6vrieren von Flugzeugen Das Projekt \u201eAEM-Speedport\u201c steht f\u00fcr eine signifikante Transformation in der Aviation Industrie: Flugzeuge sollen v\u00f6llig autonom und ohne Triebwerksleistung von der Parkposition in Richtung Startbahn man\u00f6vriert werden und nach der Landung zum Gate. Kernst\u00fcck der Steuerung wird ein interaktives Kontrollzentrum sein, in dem alle Bewegungen der Flugzeuge mittels&hellip;<\/p>","protected":false},"author":1,"featured_media":0,"parent":87,"menu_order":0,"comment_status":"closed","ping_status":"closed","template":"","meta":{"_acf_changed":false,"_gspb_post_css":"","_uag_custom_page_level_css":"","footnotes":""},"class_list":["post-717","page","type-page","status-publish","hentry"],"acf":[],"featured_image_src":"","featured_image_src_square":false,"rbea_author_info":{"display_name":"admin","author_link":"https:\/\/innovationsflughafen.de\/en\/author\/silbergold\/"},"rbea_excerpt_info":"AEM-SpeedportNachhaltige Mobilit\u00e4t durch autonomes Man\u00f6vrieren von Flugzeugen Das Projekt \u201eAEM-Speedport\u201c steht f\u00fcr eine signifikante Transformation in der Aviation Industrie: Flugzeuge sollen v\u00f6llig autonom und ohne Triebwerksleistung von der Parkposition in Richtung Startbahn man\u00f6vriert werden und nach der Landung zum Gate. Kernst\u00fcck der Steuerung wird ein interaktives Kontrollzentrum sein, in dem alle Bewegungen der Flugzeuge mittels&hellip;","uagb_featured_image_src":{"full":false,"thumbnail":false,"medium":false,"medium_large":false,"large":false,"1536x1536":false,"2048x2048":false,"trp-custom-language-flag":false},"uagb_author_info":{"display_name":"admin","author_link":"https:\/\/innovationsflughafen.de\/en\/author\/silbergold\/"},"uagb_comment_info":0,"uagb_excerpt":"AEM-SpeedportNachhaltige Mobilit\u00e4t durch autonomes Man\u00f6vrieren von Flugzeugen Das Projekt \u201eAEM-Speedport\u201c steht f\u00fcr eine signifikante Transformation in der Aviation Industrie: Flugzeuge sollen v\u00f6llig autonom und ohne Triebwerksleistung von der Parkposition in Richtung Startbahn man\u00f6vriert werden und nach der Landung zum Gate. Kernst\u00fcck der Steuerung wird ein interaktives Kontrollzentrum sein, in dem alle Bewegungen der Flugzeuge mittels&hellip;","_links":{"self":[{"href":"https:\/\/innovationsflughafen.de\/en\/wp-json\/wp\/v2\/pages\/717","targetHints":{"allow":["GET"]}}],"collection":[{"href":"https:\/\/innovationsflughafen.de\/en\/wp-json\/wp\/v2\/pages"}],"about":[{"href":"https:\/\/innovationsflughafen.de\/en\/wp-json\/wp\/v2\/types\/page"}],"author":[{"embeddable":true,"href":"https:\/\/innovationsflughafen.de\/en\/wp-json\/wp\/v2\/users\/1"}],"replies":[{"embeddable":true,"href":"https:\/\/innovationsflughafen.de\/en\/wp-json\/wp\/v2\/comments?post=717"}],"version-history":[{"count":66,"href":"https:\/\/innovationsflughafen.de\/en\/wp-json\/wp\/v2\/pages\/717\/revisions"}],"predecessor-version":[{"id":3278,"href":"https:\/\/innovationsflughafen.de\/en\/wp-json\/wp\/v2\/pages\/717\/revisions\/3278"}],"up":[{"embeddable":true,"href":"https:\/\/innovationsflughafen.de\/en\/wp-json\/wp\/v2\/pages\/87"}],"wp:attachment":[{"href":"https:\/\/innovationsflughafen.de\/en\/wp-json\/wp\/v2\/media?parent=717"}],"curies":[{"name":"wp","href":"https:\/\/api.w.org\/{rel}","templated":true}]}}