{"id":680,"date":"2022-12-05T09:35:31","date_gmt":"2022-12-05T09:35:31","guid":{"rendered":"http:\/\/innovationsflughafen.de\/?page_id=680"},"modified":"2025-10-13T12:09:20","modified_gmt":"2025-10-13T12:09:20","slug":"fastgate","status":"publish","type":"page","link":"https:\/\/innovationsflughafen.de\/en\/projekte\/fastgate\/","title":{"rendered":"Fastgate"},"content":{"rendered":"<div class=\"wp-block-group alignfull is-layout-flow wp-block-group-is-layout-flow\" id=\"Kopfbild\" style=\"margin-bottom:0\">\n<div class=\"wp-block-cover has-custom-content-position is-position-bottom-left linksbuendig\" style=\"min-height:566px;aspect-ratio:unset;\"><img loading=\"lazy\" decoding=\"async\" width=\"2013\" height=\"633\" class=\"wp-block-cover__image-background wp-image-843\" alt=\"\" src=\"https:\/\/innovationsflughafen.de\/wp-content\/uploads\/2022\/12\/Fastgate.jpg\" data-object-fit=\"cover\" srcset=\"https:\/\/innovationsflughafen.de\/wp-content\/uploads\/2022\/12\/Fastgate.jpg 2013w, https:\/\/innovationsflughafen.de\/wp-content\/uploads\/2022\/12\/Fastgate-300x94.jpg 300w, https:\/\/innovationsflughafen.de\/wp-content\/uploads\/2022\/12\/Fastgate-1024x322.jpg 1024w, https:\/\/innovationsflughafen.de\/wp-content\/uploads\/2022\/12\/Fastgate-768x242.jpg 768w, https:\/\/innovationsflughafen.de\/wp-content\/uploads\/2022\/12\/Fastgate-1536x483.jpg 1536w\" sizes=\"auto, (max-width: 2013px) 100vw, 2013px\" \/><span aria-hidden=\"true\" class=\"wp-block-cover__background has-background-dim-0 has-background-dim\"><\/span><div class=\"wp-block-cover__inner-container is-layout-flow wp-block-cover-is-layout-flow\">\n<div class=\"wp-block-group has-background-color has-text-color is-layout-constrained wp-container-core-group-is-layout-31e4b1cd wp-block-group-is-layout-constrained\" style=\"padding-top:30px;padding-bottom:30px\">\n<div class=\"wp-block-group is-content-justification-space-between is-nowrap is-layout-flex wp-container-core-group-is-layout-cb46ffcb wp-block-group-is-layout-flex\">\n<div class=\"wp-block-group is-layout-flow wp-block-group-is-layout-flow\">\n<h1 class=\"wp-block-heading animated slideInLeft\" id=\"fastgate\" style=\"font-size:clamp(2.2rem, 2.2rem + ((1vw - 0.2rem) * 2.25), 4rem);line-height:1.3;text-transform:uppercase\">FAST<br>GATE<\/h1>\n<\/div>\n<\/div>\n<\/div>\n<\/div><\/div>\n<\/div>\n\n\n\n<div class=\"wp-block-group alignwide is-layout-flow wp-container-core-group-is-layout-e40cec3a wp-block-group-is-layout-flow\" id=\"Hauptinhalt\" style=\"margin-top:var(--wp--preset--spacing--50);margin-bottom:var(--wp--preset--spacing--50)\">\n<div class=\"wp-block-columns is-layout-flex wp-container-core-columns-is-layout-87beb0d0 wp-block-columns-is-layout-flex\">\n<div class=\"wp-block-column is-layout-flow wp-block-column-is-layout-flow\" style=\"flex-basis:30%\">\n<figure class=\"wp-block-image size-full\"><img loading=\"lazy\" decoding=\"async\" width=\"456\" height=\"448\" src=\"https:\/\/innovationsflughafen.de\/wp-content\/uploads\/2022\/12\/150_Vorfeld_Sicht-in-Richtung-Landebahn-incl.-Ende-der-Pier-und-Foerderbaender.jpg\" alt=\"\" class=\"wp-image-684\" srcset=\"https:\/\/innovationsflughafen.de\/wp-content\/uploads\/2022\/12\/150_Vorfeld_Sicht-in-Richtung-Landebahn-incl.-Ende-der-Pier-und-Foerderbaender.jpg 456w, https:\/\/innovationsflughafen.de\/wp-content\/uploads\/2022\/12\/150_Vorfeld_Sicht-in-Richtung-Landebahn-incl.-Ende-der-Pier-und-Foerderbaender-300x295.jpg 300w\" sizes=\"auto, (max-width: 456px) 100vw, 456px\" \/><\/figure>\n<\/div>\n\n\n\n<div class=\"wp-block-column is-layout-flow wp-block-column-is-layout-flow\" style=\"flex-basis:70%\">\n<div class=\"wp-block-group is-layout-constrained wp-container-core-group-is-layout-c9650106 wp-block-group-is-layout-constrained\" style=\"padding-top:0vw;padding-right:2vw;padding-bottom:2vw;padding-left:2vw\">\n<h2 class=\"wp-block-heading\" id=\"fastgateautonomie-auf-dem-flughafen-vorfeld\">FastGate<br>Autonomy on the airport apron&nbsp;<\/h2>\n\n\n\n<p style=\"font-size:clamp(0.929rem, 0.929rem + ((1vw - 0.2rem) * 0.589), 1.4rem);\">Decarbonisation represents a huge challenge for civil aviation. A key lever for optimising the overall system is the use of alternative forms of propulsion in secondary activities, such as electric taxiing on the airfield. The aim of the \u201cFastGate\u201d project is to radically reduce downtime, operating costs, and carbon and noise emissions by automating processes on the airport apron. The automation of passenger boarding bridges and the use of green propulsion systems on the landing gear of commercial aircraft enable the development of novel processes and operations at commercial airports. The project maps the entire value chain from development to validation.<\/p>\n<\/div>\n<\/div>\n<\/div>\n<\/div>\n\n\n\n<div class=\"wp-block-group alignwide is-layout-flow wp-container-core-group-is-layout-e40cec3a wp-block-group-is-layout-flow\" id=\"Hauptinhalt\" style=\"margin-top:var(--wp--preset--spacing--50);margin-bottom:var(--wp--preset--spacing--50)\">\n<div class=\"wp-block-columns is-layout-flex wp-container-core-columns-is-layout-87beb0d0 wp-block-columns-is-layout-flex\">\n<div class=\"wp-block-column is-layout-flow wp-block-column-is-layout-flow\" style=\"flex-basis:30%\">\n<div class=\"wp-block-group is-layout-constrained wp-container-core-group-is-layout-c9650106 wp-block-group-is-layout-constrained\" style=\"padding-top:0vw;padding-right:2vw;padding-bottom:2vw;padding-left:2vw\">\n<h2 class=\"wp-block-heading has-x-large-font-size\" id=\"fastgateautonomie-auf-dem-flughafen-vorfeld\">The video about the FastGate project<\/h2>\n<\/div>\n<\/div>\n\n\n\n<div class=\"wp-block-column is-layout-flow wp-block-column-is-layout-flow\" style=\"flex-basis:70%\">\n<figure class=\"wp-block-video\"><video height=\"1080\" style=\"aspect-ratio: 1920 \/ 1080;\" width=\"1920\" controls src=\"https:\/\/innovationsflughafen.de\/wp-content\/uploads\/2025\/10\/4466_Silberweiss_FLAT_D2501_DE_final_V3.webm\"><\/video><\/figure>\n<\/div>\n<\/div>\n<\/div>\n\n\n\n<div class=\"wp-block-group alignfull has-background is-layout-constrained wp-container-core-group-is-layout-abceb58d wp-block-group-is-layout-constrained\" id=\"Ansprechpartner\" style=\"background-color:#efefef;padding-top:var(--wp--preset--spacing--40);padding-right:var(--wp--preset--spacing--30);padding-bottom:var(--wp--preset--spacing--50);padding-left:var(--wp--preset--spacing--30)\">\n<div class=\"wp-block-group alignwide is-layout-constrained wp-block-group-is-layout-constrained\">\n<hr class=\"wp-block-separator has-alpha-channel-opacity is-style-gutwerker-separator-vertical\"\/>\n\n\n\n<h2 class=\"wp-block-heading has-text-align-center\" id=\"ansprechpartner\" style=\"margin-bottom:60px;text-transform:uppercase\">CONTACT PERSONS<\/h2>\n\n\n\n<div class=\"wp-block-columns alignwide is-layout-flex wp-container-core-columns-is-layout-28f84493 wp-block-columns-is-layout-flex\">\n<div class=\"wp-block-column is-layout-flow wp-block-column-is-layout-flow\">\n<figure class=\"wp-block-image size-full\"><img loading=\"lazy\" decoding=\"async\" width=\"783\" height=\"450\" src=\"https:\/\/innovationsflughafen.de\/wp-content\/uploads\/2022\/12\/Bernd-Stoehr.jpg\" alt=\"\" class=\"wp-image-937\" srcset=\"https:\/\/innovationsflughafen.de\/wp-content\/uploads\/2022\/12\/Bernd-Stoehr.jpg 783w, https:\/\/innovationsflughafen.de\/wp-content\/uploads\/2022\/12\/Bernd-Stoehr-300x172.jpg 300w, https:\/\/innovationsflughafen.de\/wp-content\/uploads\/2022\/12\/Bernd-Stoehr-768x441.jpg 768w\" sizes=\"auto, (max-width: 783px) 100vw, 783px\" \/><\/figure>\n\n\n\n<div class=\"wp-block-group is-layout-constrained wp-container-core-group-is-layout-19e250f3 wp-block-group-is-layout-constrained\">\n<p class=\"has-medium-font-size\"><\/p>\n\n\n\n<p class=\"has-large-font-size\" style=\"text-transform:uppercase\"><strong>Bernd St\u00f6hr<\/strong><\/p>\n\n\n\n<p class=\"has-medium-font-size\">Heinz Nixdorf Institute, Paderborn University<\/p>\n<\/div>\n\n\n\n<p><a href=\"tel:00495251602090\"><i class=\"icon fa fa-phone\" aria-hidden=\"true\"> <\/i> <\/a><a href=\"tel:+49 5251 60-6513\">+49 5251 60-6513<\/a><br><a href=\"mailto:bernd.stoehr@innovationsflughafen.de\">bernd.stoehr@innovationsflughafen.de<\/a><\/p>\n<\/div>\n\n\n\n<div class=\"wp-block-column is-layout-flow wp-block-column-is-layout-flow\">\n<figure class=\"wp-block-image size-full\"><img loading=\"lazy\" decoding=\"async\" width=\"783\" height=\"450\" src=\"https:\/\/innovationsflughafen.de\/wp-content\/uploads\/2022\/12\/Seidenberg-1.jpg\" alt=\"\" class=\"wp-image-942\" srcset=\"https:\/\/innovationsflughafen.de\/wp-content\/uploads\/2022\/12\/Seidenberg-1.jpg 783w, https:\/\/innovationsflughafen.de\/wp-content\/uploads\/2022\/12\/Seidenberg-1-300x172.jpg 300w, https:\/\/innovationsflughafen.de\/wp-content\/uploads\/2022\/12\/Seidenberg-1-768x441.jpg 768w\" sizes=\"auto, (max-width: 783px) 100vw, 783px\" \/><\/figure>\n\n\n\n<div class=\"wp-block-group is-layout-constrained wp-container-core-group-is-layout-19e250f3 wp-block-group-is-layout-constrained\">\n<p class=\"has-medium-font-size\"><\/p>\n\n\n\n<p class=\"has-large-font-size\" style=\"text-transform:uppercase\"><strong><strong>Tobias Seidenberg<\/strong><\/strong><\/p>\n\n\n\n<p class=\"has-medium-font-size\">Fraunhofer Institute for Mechatronic Systems Design IEM<\/p>\n<\/div>\n\n\n\n<p><a href=\"tel:004952515465118\"><i class=\"icon fa fa-phone\" aria-hidden=\"true\"> <\/i> +49 5251 5465-179<\/a><br><a href=\"mailto:tobias.seidenberg@iem.fraunhofer.de\">tobias.seidenberg@iem.fraunhofer.de<\/a><\/p>\n<\/div>\n<\/div>\n<\/div>\n<\/div>\n\n\n\n<div class=\"wp-block-group alignwide is-layout-constrained wp-block-group-is-layout-constrained\" id=\"Partnerblock\" style=\"margin-top:0px;margin-bottom:90px;padding-top:var(--wp--preset--spacing--40);padding-bottom:var(--wp--preset--spacing--50)\">\n<hr class=\"wp-block-separator has-alpha-channel-opacity is-style-gutwerker-separator-vertical\"\/>\n\n\n\n<h2 class=\"wp-block-heading has-text-align-center\" id=\"starke-partner\" style=\"margin-bottom:60px;text-transform:uppercase\">Strong partners<\/h2>\n\n\n\n<figure class=\"wp-block-gallery alignwide has-nested-images columns-6 grayscale-hover-img centered-gallery wp-block-gallery-1 is-layout-flex wp-block-gallery-is-layout-flex\">\n<figure class=\"wp-block-image size-full\"><img loading=\"lazy\" decoding=\"async\" width=\"195\" height=\"69\" data-id=\"1060\" src=\"https:\/\/innovationsflughafen.de\/wp-content\/uploads\/2022\/12\/logo.png\" alt=\"\" class=\"wp-image-1060\"\/><\/figure>\n\n\n\n<figure class=\"wp-block-image size-large\"><img loading=\"lazy\" decoding=\"async\" width=\"1024\" height=\"331\" data-id=\"1062\" src=\"https:\/\/innovationsflughafen.de\/wp-content\/uploads\/2022\/12\/fraunhofer-iem-logo-klein-1-1024x331.jpg\" alt=\"\" class=\"wp-image-1062\" srcset=\"https:\/\/innovationsflughafen.de\/wp-content\/uploads\/2022\/12\/fraunhofer-iem-logo-klein-1-1024x331.jpg 1024w, https:\/\/innovationsflughafen.de\/wp-content\/uploads\/2022\/12\/fraunhofer-iem-logo-klein-1-300x97.jpg 300w, https:\/\/innovationsflughafen.de\/wp-content\/uploads\/2022\/12\/fraunhofer-iem-logo-klein-1-768x249.jpg 768w, https:\/\/innovationsflughafen.de\/wp-content\/uploads\/2022\/12\/fraunhofer-iem-logo-klein-1-1536x497.jpg 1536w, https:\/\/innovationsflughafen.de\/wp-content\/uploads\/2022\/12\/fraunhofer-iem-logo-klein-1-2048x663.jpg 2048w\" sizes=\"auto, (max-width: 1024px) 100vw, 1024px\" \/><\/figure>\n\n\n\n<figure class=\"wp-block-image size-full\"><img loading=\"lazy\" decoding=\"async\" width=\"446\" height=\"387\" data-id=\"1092\" src=\"https:\/\/innovationsflughafen.de\/wp-content\/uploads\/2022\/12\/Aerosoft_Logo_Vertikal_Black_4K-3.png\" alt=\"\" class=\"wp-image-1092\" srcset=\"https:\/\/innovationsflughafen.de\/wp-content\/uploads\/2022\/12\/Aerosoft_Logo_Vertikal_Black_4K-3.png 446w, https:\/\/innovationsflughafen.de\/wp-content\/uploads\/2022\/12\/Aerosoft_Logo_Vertikal_Black_4K-3-300x260.png 300w\" sizes=\"auto, (max-width: 446px) 100vw, 446px\" \/><\/figure>\n\n\n\n<figure class=\"wp-block-image size-full\"><img loading=\"lazy\" decoding=\"async\" width=\"322\" height=\"135\" data-id=\"198\" src=\"https:\/\/innovationsflughafen.de\/wp-content\/uploads\/2022\/09\/2880px-Flughafen_Paderborn_Lippstadt_Logo.svg_.jpg\" alt=\"\" class=\"wp-image-198\" srcset=\"https:\/\/innovationsflughafen.de\/wp-content\/uploads\/2022\/09\/2880px-Flughafen_Paderborn_Lippstadt_Logo.svg_.jpg 322w, https:\/\/innovationsflughafen.de\/wp-content\/uploads\/2022\/09\/2880px-Flughafen_Paderborn_Lippstadt_Logo.svg_-300x126.jpg 300w\" sizes=\"auto, (max-width: 322px) 100vw, 322px\" \/><\/figure>\n\n\n\n<figure class=\"wp-block-image size-large\"><img loading=\"lazy\" decoding=\"async\" width=\"1024\" height=\"392\" data-id=\"1096\" src=\"https:\/\/innovationsflughafen.de\/wp-content\/uploads\/2022\/12\/Wheeltug-1-1024x392.png\" alt=\"\" class=\"wp-image-1096\" srcset=\"https:\/\/innovationsflughafen.de\/wp-content\/uploads\/2022\/12\/Wheeltug-1-1024x392.png 1024w, https:\/\/innovationsflughafen.de\/wp-content\/uploads\/2022\/12\/Wheeltug-1-300x115.png 300w, https:\/\/innovationsflughafen.de\/wp-content\/uploads\/2022\/12\/Wheeltug-1-768x294.png 768w, https:\/\/innovationsflughafen.de\/wp-content\/uploads\/2022\/12\/Wheeltug-1-1536x587.png 1536w, https:\/\/innovationsflughafen.de\/wp-content\/uploads\/2022\/12\/Wheeltug-1.png 1585w\" sizes=\"auto, (max-width: 1024px) 100vw, 1024px\" \/><\/figure>\n\n\n\n<figure class=\"wp-block-image size-full has-custom-border is-style-default\"><img loading=\"lazy\" decoding=\"async\" width=\"650\" height=\"472\" data-id=\"1094\" src=\"https:\/\/innovationsflughafen.de\/wp-content\/uploads\/2022\/12\/FMG-768x683-1.png\" alt=\"\" class=\"has-border-color has-background-border-color wp-image-1094\" style=\"border-width:20px\" srcset=\"https:\/\/innovationsflughafen.de\/wp-content\/uploads\/2022\/12\/FMG-768x683-1.png 650w, https:\/\/innovationsflughafen.de\/wp-content\/uploads\/2022\/12\/FMG-768x683-1-300x218.png 300w\" sizes=\"auto, (max-width: 650px) 100vw, 650px\" \/><\/figure>\n<\/figure>\n<\/div>","protected":false},"excerpt":{"rendered":"<p>FastGateAutonomie auf dem Flughafen-Vorfeld&nbsp; Die zivile Luftfahrt steht bei der Dekarbonisierung vor einer gewaltigen Herausforderung. Ein wesentlicher Stellhebel bei der Optimierung des Gesamtsystems ist der Einsatz alternativer Antriebe in Sekund\u00e4raktivit\u00e4ten, zu denen das elektrische Rollen auf dem Flugfeld z\u00e4hlt. Das Ziel des Vorhabens \u201eFastGate\u201c ist eine radikale Reduktion der Standzeit, der Betriebskosten sowie der CO2-&hellip;<\/p>","protected":false},"author":1,"featured_media":0,"parent":87,"menu_order":0,"comment_status":"closed","ping_status":"closed","template":"","meta":{"_acf_changed":false,"_gspb_post_css":"","_uag_custom_page_level_css":"","footnotes":""},"class_list":["post-680","page","type-page","status-publish","hentry"],"acf":[],"featured_image_src":"","featured_image_src_square":false,"rbea_author_info":{"display_name":"admin","author_link":"https:\/\/innovationsflughafen.de\/en\/author\/silbergold\/"},"rbea_excerpt_info":"FastGateAutonomie auf dem Flughafen-Vorfeld&nbsp; Die zivile Luftfahrt steht bei der Dekarbonisierung vor einer gewaltigen Herausforderung. Ein wesentlicher Stellhebel bei der Optimierung des Gesamtsystems ist der Einsatz alternativer Antriebe in Sekund\u00e4raktivit\u00e4ten, zu denen das elektrische Rollen auf dem Flugfeld z\u00e4hlt. Das Ziel des Vorhabens \u201eFastGate\u201c ist eine radikale Reduktion der Standzeit, der Betriebskosten sowie der CO2-&hellip;","uagb_featured_image_src":{"full":false,"thumbnail":false,"medium":false,"medium_large":false,"large":false,"1536x1536":false,"2048x2048":false,"trp-custom-language-flag":false},"uagb_author_info":{"display_name":"admin","author_link":"https:\/\/innovationsflughafen.de\/en\/author\/silbergold\/"},"uagb_comment_info":0,"uagb_excerpt":"FastGateAutonomie auf dem Flughafen-Vorfeld&nbsp; Die zivile Luftfahrt steht bei der Dekarbonisierung vor einer gewaltigen Herausforderung. Ein wesentlicher Stellhebel bei der Optimierung des Gesamtsystems ist der Einsatz alternativer Antriebe in Sekund\u00e4raktivit\u00e4ten, zu denen das elektrische Rollen auf dem Flugfeld z\u00e4hlt. Das Ziel des Vorhabens \u201eFastGate\u201c ist eine radikale Reduktion der Standzeit, der Betriebskosten sowie der CO2-&hellip;","_links":{"self":[{"href":"https:\/\/innovationsflughafen.de\/en\/wp-json\/wp\/v2\/pages\/680","targetHints":{"allow":["GET"]}}],"collection":[{"href":"https:\/\/innovationsflughafen.de\/en\/wp-json\/wp\/v2\/pages"}],"about":[{"href":"https:\/\/innovationsflughafen.de\/en\/wp-json\/wp\/v2\/types\/page"}],"author":[{"embeddable":true,"href":"https:\/\/innovationsflughafen.de\/en\/wp-json\/wp\/v2\/users\/1"}],"replies":[{"embeddable":true,"href":"https:\/\/innovationsflughafen.de\/en\/wp-json\/wp\/v2\/comments?post=680"}],"version-history":[{"count":49,"href":"https:\/\/innovationsflughafen.de\/en\/wp-json\/wp\/v2\/pages\/680\/revisions"}],"predecessor-version":[{"id":3167,"href":"https:\/\/innovationsflughafen.de\/en\/wp-json\/wp\/v2\/pages\/680\/revisions\/3167"}],"up":[{"embeddable":true,"href":"https:\/\/innovationsflughafen.de\/en\/wp-json\/wp\/v2\/pages\/87"}],"wp:attachment":[{"href":"https:\/\/innovationsflughafen.de\/en\/wp-json\/wp\/v2\/media?parent=680"}],"curies":[{"name":"wp","href":"https:\/\/api.w.org\/{rel}","templated":true}]}}