{"id":3279,"date":"2025-11-26T13:49:12","date_gmt":"2025-11-26T13:49:12","guid":{"rendered":"https:\/\/innovationsflughafen.de\/?page_id=3279"},"modified":"2026-01-07T08:54:34","modified_gmt":"2026-01-07T08:54:34","slug":"agnba","status":"publish","type":"page","link":"https:\/\/innovationsflughafen.de\/en\/projekte\/agnba\/","title":{"rendered":"AGNBA"},"content":{"rendered":"<div class=\"wp-block-group alignfull is-layout-flow wp-block-group-is-layout-flow\" id=\"Kopfbild\" style=\"margin-bottom:0\">\n<div class=\"wp-block-cover is-light has-custom-content-position is-position-bottom-left linksbuendig\" style=\"min-height:566px;aspect-ratio:unset;\"><img loading=\"lazy\" decoding=\"async\" width=\"2500\" height=\"1060\" class=\"wp-block-cover__image-background wp-image-3290 size-full\" alt=\"\" src=\"https:\/\/innovationsflughafen.de\/wp-content\/uploads\/2025\/11\/image_upscaled_2500w.jpeg\" data-object-fit=\"cover\" srcset=\"https:\/\/innovationsflughafen.de\/wp-content\/uploads\/2025\/11\/image_upscaled_2500w.jpeg 2500w, https:\/\/innovationsflughafen.de\/wp-content\/uploads\/2025\/11\/image_upscaled_2500w-300x127.jpeg 300w, https:\/\/innovationsflughafen.de\/wp-content\/uploads\/2025\/11\/image_upscaled_2500w-1024x434.jpeg 1024w, https:\/\/innovationsflughafen.de\/wp-content\/uploads\/2025\/11\/image_upscaled_2500w-768x326.jpeg 768w, https:\/\/innovationsflughafen.de\/wp-content\/uploads\/2025\/11\/image_upscaled_2500w-1536x651.jpeg 1536w, https:\/\/innovationsflughafen.de\/wp-content\/uploads\/2025\/11\/image_upscaled_2500w-2048x868.jpeg 2048w, https:\/\/innovationsflughafen.de\/wp-content\/uploads\/2025\/11\/image_upscaled_2500w-18x8.jpeg 18w\" sizes=\"auto, (max-width: 2500px) 100vw, 2500px\" \/><span aria-hidden=\"true\" class=\"wp-block-cover__background has-background-dim-0 has-background-dim\" style=\"background-color:#888b85\"><\/span><div class=\"wp-block-cover__inner-container is-layout-flow wp-block-cover-is-layout-flow\">\n<div class=\"wp-block-group has-background-color has-text-color is-layout-constrained wp-container-core-group-is-layout-31e4b1cd wp-block-group-is-layout-constrained\" style=\"padding-top:30px;padding-bottom:30px\">\n<div class=\"wp-block-group is-content-justification-space-between is-nowrap is-layout-flex wp-container-core-group-is-layout-cb46ffcb wp-block-group-is-layout-flex\">\n<div class=\"wp-block-group is-layout-flow wp-block-group-is-layout-flow\">\n<h1 class=\"wp-block-heading animated slideInLeft\" id=\"agnba\" style=\"font-size:clamp(2.2rem, 2.2rem + ((1vw - 0.2rem) * 2.25), 4rem);line-height:1.3\"><strong>AGNBA<\/strong><\/h1>\n<\/div>\n<\/div>\n<\/div>\n<\/div><\/div>\n<\/div>\n\n\n\n<div class=\"wp-block-group alignwide is-layout-flow wp-container-core-group-is-layout-e40cec3a wp-block-group-is-layout-flow\" id=\"Hauptinhalt\" style=\"margin-top:var(--wp--preset--spacing--50);margin-bottom:var(--wp--preset--spacing--50)\">\n<div class=\"wp-block-columns is-layout-flex wp-container-core-columns-is-layout-87beb0d0 wp-block-columns-is-layout-flex\">\n<div class=\"wp-block-column is-layout-flow wp-block-column-is-layout-flow\" style=\"flex-basis:30%\">\n<figure class=\"wp-block-image size-full\"><img loading=\"lazy\" decoding=\"async\" width=\"1034\" height=\"900\" src=\"https:\/\/innovationsflughafen.de\/wp-content\/uploads\/2025\/11\/Sebastian-Prinz-1-e1764150133774.jpg\" alt=\"\" class=\"wp-image-3280\" srcset=\"https:\/\/innovationsflughafen.de\/wp-content\/uploads\/2025\/11\/Sebastian-Prinz-1-e1764150133774.jpg 1034w, https:\/\/innovationsflughafen.de\/wp-content\/uploads\/2025\/11\/Sebastian-Prinz-1-e1764150133774-300x261.jpg 300w, https:\/\/innovationsflughafen.de\/wp-content\/uploads\/2025\/11\/Sebastian-Prinz-1-e1764150133774-1024x891.jpg 1024w, https:\/\/innovationsflughafen.de\/wp-content\/uploads\/2025\/11\/Sebastian-Prinz-1-e1764150133774-768x668.jpg 768w, https:\/\/innovationsflughafen.de\/wp-content\/uploads\/2025\/11\/Sebastian-Prinz-1-e1764150133774-14x12.jpg 14w\" sizes=\"auto, (max-width: 1034px) 100vw, 1034px\" \/><\/figure>\n\n\n\n<div class=\"wp-block-group is-layout-flow wp-block-group-is-layout-flow\">\n<figure class=\"wp-block-image size-full\"><img loading=\"lazy\" decoding=\"async\" width=\"538\" height=\"118\" src=\"https:\/\/innovationsflughafen.de\/wp-content\/uploads\/2026\/01\/foerderer-2.png\" alt=\"\" class=\"wp-image-3395\" srcset=\"https:\/\/innovationsflughafen.de\/wp-content\/uploads\/2026\/01\/foerderer-2.png 538w, https:\/\/innovationsflughafen.de\/wp-content\/uploads\/2026\/01\/foerderer-2-300x66.png 300w, https:\/\/innovationsflughafen.de\/wp-content\/uploads\/2026\/01\/foerderer-2-18x4.png 18w\" sizes=\"auto, (max-width: 538px) 100vw, 538px\" \/><\/figure>\n<\/div>\n<\/div>\n\n\n\n<div class=\"wp-block-column is-layout-flow wp-block-column-is-layout-flow\" style=\"flex-basis:70%\">\n<div class=\"wp-block-group is-layout-constrained wp-container-core-group-is-layout-c9650106 wp-block-group-is-layout-constrained\" style=\"padding-top:0vw;padding-right:2vw;padding-bottom:2vw;padding-left:2vw\">\n<h2 class=\"wp-block-heading\" id=\"agnba-automatisiertes-gepackhandling-fur-narrow-body-aircrafts\"><strong><strong>AGNBA \u2013 Automated Baggage Handling for Narrow-body Aircraft<\/strong><\/strong><\/h2>\n\n\n\n<p style=\"font-size:clamp(0.929rem, 0.929rem + ((1vw - 0.2rem) * 0.589), 1.4rem);\">Baggage handling for narrow-body aircraft is currently predominantly manual, slow and physically demanding. AGNBA automates loading and unloading processes in baggage handling using mobile robotics, 3D sensor technology and intelligent packing algorithms \u2013 as a retrofit without the need to modify the infrastructure. The focus is on shorter process times, lower costs, higher reliability and reduced workload for employees, as well as a valuable contribution to sustainable aviation. Universal measurement systems, end-to-end data networking and real-time tracking enable a digital baggage journey from check-in to baggage cart. Development and validation take place in real-world operations at the innovative PAD airport.<\/p>\n<\/div>\n<\/div>\n<\/div>\n<\/div>\n\n\n\n<div class=\"wp-block-group alignfull has-background is-layout-constrained wp-block-group-is-layout-constrained\" id=\"Ansprechpartner\" style=\"background-color:#efefef;padding-top:var(--wp--preset--spacing--40);padding-bottom:var(--wp--preset--spacing--50)\">\n<div class=\"wp-block-group alignwide is-layout-constrained wp-block-group-is-layout-constrained\">\n<hr class=\"wp-block-separator has-alpha-channel-opacity is-style-gutwerker-separator-vertical\"\/>\n\n\n\n<h2 class=\"wp-block-heading has-text-align-center\" id=\"ansprechpartner\" style=\"margin-bottom:60px;text-transform:uppercase\">CONTACT PERSONS<\/h2>\n\n\n\n<div class=\"wp-block-group alignwide is-nowrap is-layout-flex wp-container-core-group-is-layout-f66f9956 wp-block-group-is-layout-flex\">\n<div class=\"wp-block-group alignwide is-layout-constrained wp-container-core-group-is-layout-9533b818 wp-block-group-is-layout-constrained\" style=\"padding-top:0;padding-right:0;padding-bottom:var(--wp--preset--spacing--40);padding-left:0\">\n<div class=\"wp-block-columns alignwide is-layout-flex wp-container-core-columns-is-layout-28f84493 wp-block-columns-is-layout-flex\">\n<div class=\"wp-block-column is-layout-flow wp-block-column-is-layout-flow\" style=\"flex-basis:780px\">\n<figure class=\"wp-block-image size-full is-resized\"><img loading=\"lazy\" decoding=\"async\" width=\"1006\" height=\"716\" src=\"https:\/\/innovationsflughafen.de\/wp-content\/uploads\/2025\/11\/Sebastian-Prinz-2-e1764164423894-1.jpg\" alt=\"\" class=\"wp-image-3302\" style=\"width:746px;height:auto\" srcset=\"https:\/\/innovationsflughafen.de\/wp-content\/uploads\/2025\/11\/Sebastian-Prinz-2-e1764164423894-1.jpg 1006w, https:\/\/innovationsflughafen.de\/wp-content\/uploads\/2025\/11\/Sebastian-Prinz-2-e1764164423894-1-300x214.jpg 300w, https:\/\/innovationsflughafen.de\/wp-content\/uploads\/2025\/11\/Sebastian-Prinz-2-e1764164423894-1-768x547.jpg 768w, https:\/\/innovationsflughafen.de\/wp-content\/uploads\/2025\/11\/Sebastian-Prinz-2-e1764164423894-1-18x12.jpg 18w\" sizes=\"auto, (max-width: 1006px) 100vw, 1006px\" \/><\/figure>\n\n\n\n<div class=\"wp-block-group is-content-justification-space-between is-nowrap is-layout-flex wp-container-core-group-is-layout-297ebdc2 wp-block-group-is-layout-flex\">\n<div class=\"wp-block-group is-layout-constrained wp-container-core-group-is-layout-19e250f3 wp-block-group-is-layout-constrained\">\n<p class=\"has-large-font-size\" style=\"text-transform:uppercase\"><strong>M.Sc. Sebastian Prinz<\/strong><\/p>\n\n\n\n<p class=\"has-medium-font-size\">Project Manager<br>Fraunhofer Institute for Mechatronic Systems Design IEM<\/p>\n<\/div>\n\n\n\n<figure class=\"wp-block-image size-large is-resized is-style-default\"><img loading=\"lazy\" decoding=\"async\" width=\"1024\" height=\"282\" src=\"https:\/\/innovationsflughafen.de\/wp-content\/uploads\/2025\/11\/fraunhofer-iem-logo-klein-1024x282.png\" alt=\"\" class=\"wp-image-3286\" style=\"width:250px\" srcset=\"https:\/\/innovationsflughafen.de\/wp-content\/uploads\/2025\/11\/fraunhofer-iem-logo-klein-1024x282.png 1024w, https:\/\/innovationsflughafen.de\/wp-content\/uploads\/2025\/11\/fraunhofer-iem-logo-klein-300x83.png 300w, https:\/\/innovationsflughafen.de\/wp-content\/uploads\/2025\/11\/fraunhofer-iem-logo-klein-768x211.png 768w, https:\/\/innovationsflughafen.de\/wp-content\/uploads\/2025\/11\/fraunhofer-iem-logo-klein-1536x422.png 1536w, https:\/\/innovationsflughafen.de\/wp-content\/uploads\/2025\/11\/fraunhofer-iem-logo-klein-2048x563.png 2048w, https:\/\/innovationsflughafen.de\/wp-content\/uploads\/2025\/11\/fraunhofer-iem-logo-klein-18x5.png 18w\" sizes=\"auto, (max-width: 1024px) 100vw, 1024px\" \/><\/figure>\n<\/div>\n\n\n\n<div class=\"wp-block-group is-content-justification-left is-layout-constrained wp-container-core-group-is-layout-12dd3699 wp-block-group-is-layout-constrained\">\n<p><a href=\"tel:004929557610400\"><i class=\"icon fa fa-phone\" aria-hidden=\"true\"> <\/i><\/a> <a href=\"tel:052515465358\">+49 5251 5465358<\/a><br><a href=\"mailto:sebastian.prinz@iem.fraunhofer.de\">sebastian.prinz@iem.fraunhofer.de<\/a><\/p>\n<\/div>\n<\/div>\n<\/div>\n<\/div>\n<\/div>\n<\/div>\n<\/div>\n\n\n\n<div class=\"wp-block-group alignwide is-layout-constrained wp-block-group-is-layout-constrained\" style=\"margin-bottom:var(--wp--preset--spacing--40)\">\n<div class=\"wp-block-uagb-container uagb-block-bde31996 alignfull uagb-is-root-container\"><div class=\"uagb-container-inner-blocks-wrap\">\n<div class=\"wp-block-uagb-container uagb-block-e87d4129\">\n<figure class=\"wp-block-image size-large\"><img loading=\"lazy\" decoding=\"async\" width=\"1024\" height=\"282\" src=\"https:\/\/innovationsflughafen.de\/wp-content\/uploads\/2025\/11\/fraunhofer-iem-logo-klein-1024x282.png\" alt=\"\" class=\"wp-image-3286\" srcset=\"https:\/\/innovationsflughafen.de\/wp-content\/uploads\/2025\/11\/fraunhofer-iem-logo-klein-1024x282.png 1024w, https:\/\/innovationsflughafen.de\/wp-content\/uploads\/2025\/11\/fraunhofer-iem-logo-klein-300x83.png 300w, https:\/\/innovationsflughafen.de\/wp-content\/uploads\/2025\/11\/fraunhofer-iem-logo-klein-768x211.png 768w, https:\/\/innovationsflughafen.de\/wp-content\/uploads\/2025\/11\/fraunhofer-iem-logo-klein-1536x422.png 1536w, https:\/\/innovationsflughafen.de\/wp-content\/uploads\/2025\/11\/fraunhofer-iem-logo-klein-2048x563.png 2048w, https:\/\/innovationsflughafen.de\/wp-content\/uploads\/2025\/11\/fraunhofer-iem-logo-klein-18x5.png 18w\" sizes=\"auto, (max-width: 1024px) 100vw, 1024px\" \/><\/figure>\n<\/div>\n\n\n\n<div class=\"wp-block-uagb-container uagb-block-d3ec54b0\">\n<figure class=\"wp-block-image size-full\"><img loading=\"lazy\" decoding=\"async\" width=\"1337\" height=\"471\" src=\"https:\/\/innovationsflughafen.de\/wp-content\/uploads\/2025\/11\/Rotte_logo.png\" alt=\"\" class=\"wp-image-3287\" srcset=\"https:\/\/innovationsflughafen.de\/wp-content\/uploads\/2025\/11\/Rotte_logo.png 1337w, https:\/\/innovationsflughafen.de\/wp-content\/uploads\/2025\/11\/Rotte_logo-300x106.png 300w, https:\/\/innovationsflughafen.de\/wp-content\/uploads\/2025\/11\/Rotte_logo-1024x361.png 1024w, https:\/\/innovationsflughafen.de\/wp-content\/uploads\/2025\/11\/Rotte_logo-768x271.png 768w, https:\/\/innovationsflughafen.de\/wp-content\/uploads\/2025\/11\/Rotte_logo-18x6.png 18w\" sizes=\"auto, (max-width: 1337px) 100vw, 1337px\" \/><\/figure>\n<\/div>\n\n\n\n<div class=\"wp-block-uagb-container uagb-block-496640e9\">\n<figure class=\"wp-block-image size-full\"><img loading=\"lazy\" decoding=\"async\" width=\"1000\" height=\"170\" src=\"https:\/\/innovationsflughafen.de\/wp-content\/uploads\/2025\/11\/verlinked-logo.png\" alt=\"\" class=\"wp-image-3289\" srcset=\"https:\/\/innovationsflughafen.de\/wp-content\/uploads\/2025\/11\/verlinked-logo.png 1000w, https:\/\/innovationsflughafen.de\/wp-content\/uploads\/2025\/11\/verlinked-logo-300x51.png 300w, https:\/\/innovationsflughafen.de\/wp-content\/uploads\/2025\/11\/verlinked-logo-768x131.png 768w, https:\/\/innovationsflughafen.de\/wp-content\/uploads\/2025\/11\/verlinked-logo-18x3.png 18w\" sizes=\"auto, (max-width: 1000px) 100vw, 1000px\" \/><\/figure>\n<\/div>\n\n\n\n<div class=\"wp-block-uagb-container uagb-block-4a9caf82 alignfull uagb-is-root-container\"><div class=\"uagb-container-inner-blocks-wrap\">\n<figure class=\"wp-block-image size-large\"><img loading=\"lazy\" decoding=\"async\" width=\"1024\" height=\"321\" src=\"https:\/\/innovationsflughafen.de\/wp-content\/uploads\/2025\/11\/cropped-insensiv_logo_frei-1-1024x321.png\" alt=\"\" class=\"wp-image-3288\" srcset=\"https:\/\/innovationsflughafen.de\/wp-content\/uploads\/2025\/11\/cropped-insensiv_logo_frei-1-1024x321.png 1024w, https:\/\/innovationsflughafen.de\/wp-content\/uploads\/2025\/11\/cropped-insensiv_logo_frei-1-300x94.png 300w, https:\/\/innovationsflughafen.de\/wp-content\/uploads\/2025\/11\/cropped-insensiv_logo_frei-1-768x241.png 768w, https:\/\/innovationsflughafen.de\/wp-content\/uploads\/2025\/11\/cropped-insensiv_logo_frei-1-1536x481.png 1536w, https:\/\/innovationsflughafen.de\/wp-content\/uploads\/2025\/11\/cropped-insensiv_logo_frei-1-18x6.png 18w, https:\/\/innovationsflughafen.de\/wp-content\/uploads\/2025\/11\/cropped-insensiv_logo_frei-1.png 1994w\" sizes=\"auto, (max-width: 1024px) 100vw, 1024px\" \/><\/figure>\n<\/div><\/div>\n<\/div><\/div>\n<\/div>","protected":false},"excerpt":{"rendered":"<p>AGNBA &#8211; Automatisiertes Gep\u00e4ckhandling f\u00fcr Narrow-Body-Aircrafts Die Gep\u00e4ckabfertigung bei Schmalrumpf-Flugzeugen ist heute \u00fcberwiegend manuell, langsam und k\u00f6rperlich belastend. AGNBA automatisiert Be- und Entladeprozesse in der Gep\u00e4ckabfertigung mittels mobiler Robotik, 3D-Sensorik und intelligenter Packalgorithmen &#8211; als Retrofit ohne Umbau der Infrastruktur. Im Blickpunkt stehen k\u00fcrzere Prozesszeiten, geringere Kosten, h\u00f6here Zuverl\u00e4ssigkeit und Mitarbeiter-Entlastung sowie ein wertvoller Beitrag&hellip;<\/p>","protected":false},"author":1,"featured_media":0,"parent":87,"menu_order":0,"comment_status":"closed","ping_status":"closed","template":"","meta":{"_acf_changed":false,"_gspb_post_css":"","_uag_custom_page_level_css":"","footnotes":""},"class_list":["post-3279","page","type-page","status-publish","hentry"],"acf":[],"featured_image_src":"","featured_image_src_square":false,"rbea_author_info":{"display_name":"admin","author_link":"https:\/\/innovationsflughafen.de\/en\/author\/silbergold\/"},"rbea_excerpt_info":"AGNBA &#8211; Automatisiertes Gep\u00e4ckhandling f\u00fcr Narrow-Body-Aircrafts Die Gep\u00e4ckabfertigung bei Schmalrumpf-Flugzeugen ist heute \u00fcberwiegend manuell, langsam und k\u00f6rperlich belastend. AGNBA automatisiert Be- und Entladeprozesse in der Gep\u00e4ckabfertigung mittels mobiler Robotik, 3D-Sensorik und intelligenter Packalgorithmen &#8211; als Retrofit ohne Umbau der Infrastruktur. Im Blickpunkt stehen k\u00fcrzere Prozesszeiten, geringere Kosten, h\u00f6here Zuverl\u00e4ssigkeit und Mitarbeiter-Entlastung sowie ein wertvoller Beitrag&hellip;","uagb_featured_image_src":{"full":false,"thumbnail":false,"medium":false,"medium_large":false,"large":false,"1536x1536":false,"2048x2048":false,"trp-custom-language-flag":false},"uagb_author_info":{"display_name":"admin","author_link":"https:\/\/innovationsflughafen.de\/en\/author\/silbergold\/"},"uagb_comment_info":0,"uagb_excerpt":"AGNBA &#8211; Automatisiertes Gep\u00e4ckhandling f\u00fcr Narrow-Body-Aircrafts Die Gep\u00e4ckabfertigung bei Schmalrumpf-Flugzeugen ist heute \u00fcberwiegend manuell, langsam und k\u00f6rperlich belastend. AGNBA automatisiert Be- und Entladeprozesse in der Gep\u00e4ckabfertigung mittels mobiler Robotik, 3D-Sensorik und intelligenter Packalgorithmen &#8211; als Retrofit ohne Umbau der Infrastruktur. Im Blickpunkt stehen k\u00fcrzere Prozesszeiten, geringere Kosten, h\u00f6here Zuverl\u00e4ssigkeit und Mitarbeiter-Entlastung sowie ein wertvoller Beitrag&hellip;","_links":{"self":[{"href":"https:\/\/innovationsflughafen.de\/en\/wp-json\/wp\/v2\/pages\/3279","targetHints":{"allow":["GET"]}}],"collection":[{"href":"https:\/\/innovationsflughafen.de\/en\/wp-json\/wp\/v2\/pages"}],"about":[{"href":"https:\/\/innovationsflughafen.de\/en\/wp-json\/wp\/v2\/types\/page"}],"author":[{"embeddable":true,"href":"https:\/\/innovationsflughafen.de\/en\/wp-json\/wp\/v2\/users\/1"}],"replies":[{"embeddable":true,"href":"https:\/\/innovationsflughafen.de\/en\/wp-json\/wp\/v2\/comments?post=3279"}],"version-history":[{"count":12,"href":"https:\/\/innovationsflughafen.de\/en\/wp-json\/wp\/v2\/pages\/3279\/revisions"}],"predecessor-version":[{"id":3403,"href":"https:\/\/innovationsflughafen.de\/en\/wp-json\/wp\/v2\/pages\/3279\/revisions\/3403"}],"up":[{"embeddable":true,"href":"https:\/\/innovationsflughafen.de\/en\/wp-json\/wp\/v2\/pages\/87"}],"wp:attachment":[{"href":"https:\/\/innovationsflughafen.de\/en\/wp-json\/wp\/v2\/media?parent=3279"}],"curies":[{"name":"wp","href":"https:\/\/api.w.org\/{rel}","templated":true}]}}