{"id":215,"date":"2022-09-28T09:29:19","date_gmt":"2022-09-28T09:29:19","guid":{"rendered":"http:\/\/innovationsflughafen.de\/?page_id=215"},"modified":"2025-11-26T13:45:06","modified_gmt":"2025-11-26T13:45:06","slug":"impressum","status":"publish","type":"page","link":"https:\/\/innovationsflughafen.de\/en\/impressum\/","title":{"rendered":"Legal Notice"},"content":{"rendered":"<div class=\"wp-block-group alignfull is-layout-flow wp-block-group-is-layout-flow\" id=\"Kopfbild\" style=\"margin-bottom:var(--wp--preset--spacing--50)\">\n<div class=\"wp-block-cover has-custom-content-position is-position-bottom-left linksbuendig\" style=\"min-height:250px;aspect-ratio:unset;\"><img loading=\"lazy\" decoding=\"async\" width=\"2013\" height=\"633\" class=\"wp-block-cover__image-background wp-image-838\" alt=\"\" src=\"https:\/\/innovationsflughafen.de\/wp-content\/uploads\/2022\/12\/header-projekt1.jpg\" style=\"object-position:51% 0%\" data-object-fit=\"cover\" data-object-position=\"51% 0%\" srcset=\"https:\/\/innovationsflughafen.de\/wp-content\/uploads\/2022\/12\/header-projekt1.jpg 2013w, https:\/\/innovationsflughafen.de\/wp-content\/uploads\/2022\/12\/header-projekt1-300x94.jpg 300w, https:\/\/innovationsflughafen.de\/wp-content\/uploads\/2022\/12\/header-projekt1-1024x322.jpg 1024w, https:\/\/innovationsflughafen.de\/wp-content\/uploads\/2022\/12\/header-projekt1-768x242.jpg 768w, https:\/\/innovationsflughafen.de\/wp-content\/uploads\/2022\/12\/header-projekt1-1536x483.jpg 1536w\" sizes=\"auto, (max-width: 2013px) 100vw, 2013px\" \/><span aria-hidden=\"true\" class=\"wp-block-cover__background has-background-dim-0 has-background-dim\"><\/span><div class=\"wp-block-cover__inner-container is-layout-flow wp-block-cover-is-layout-flow\">\n<div class=\"wp-block-group is-layout-constrained wp-container-core-group-is-layout-31e4b1cd wp-block-group-is-layout-constrained\" style=\"padding-top:30px;padding-bottom:30px\">\n<div class=\"wp-block-group is-content-justification-space-between is-nowrap is-layout-flex wp-container-core-group-is-layout-cb46ffcb wp-block-group-is-layout-flex\">\n<div class=\"wp-block-group is-layout-flow wp-block-group-is-layout-flow\">\n<h1 class=\"wp-block-heading animated slideInLeft\" id=\"impressum\" style=\"font-size:clamp(2.2rem, 2.2rem + ((1vw - 0.2rem) * 2.25), 4rem);line-height:1.3;text-transform:uppercase\">IMPRESSUM<\/h1>\n<\/div>\n<\/div>\n<\/div>\n<\/div><\/div>\n<\/div>\n\n\n\n<div class=\"wp-block-group is-layout-constrained wp-block-group-is-layout-constrained\">\n<h2 class=\"wp-block-heading\" id=\"angaben-gema\u00df-5-tmg\">Information according to \u00a7 5 of the German Telemedia Act (TMG)<\/h2>\n\n\n\n<p>Flughafen Paderborn\/Lippstadt GmbH&nbsp;<br>Flughafenstra\u00dfe 33<br>33142 B\u00fcren<\/p>\n\n\n\n<p>Commercial register: HRB 166<br>Register court: Local Court Paderborn<\/p>\n\n\n\n<p><strong>Represented by:<\/strong><br>Roland H\u00fcser<\/p>\n\n\n\n<p><strong>Chairman of the Supervisory Board:<\/strong><br>District Administrator Christoph R\u00fcther<\/p>\n\n\n\n<h2 class=\"wp-block-heading\" id=\"kontakt\">Contact<\/h2>\n\n\n\n<p>Telephone: +49 (0) 2955. 77-0<br>Fax: +49 (0) 2955. 77-319<br>E-Mail: info@airport-pad.com<\/p>\n\n\n\n<h2 class=\"wp-block-heading\" id=\"umsatzsteuer-id\">VAT ID<\/h2>\n\n\n\n<p>Sales tax identification number according to \u00a7 27 a of the German Value Added Tax Act:<br>DE 126330303<\/p>\n\n\n\n<h2 class=\"wp-block-heading\" id=\"eu-streitschlichtung\">EU dispute resolution<\/h2>\n\n\n\n<p>The European Commission provides a platform for online dispute resolution (OS): https:\/\/ec.europa.eu\/consumers\/odr\/.&nbsp;<a href=\"https:\/\/ec.europa.eu\/consumers\/odr\/\" target=\"_blank\" rel=\"noreferrer noopener\">https:\/\/ec.europa.eu\/consumers\/odr\/<\/a>.<br>You can find our e-mail address in the Legal Notice above.<\/p>\n\n\n\n<h2 class=\"wp-block-heading\" id=\"verbraucher-streit-beilegung-universal-schlichtungs-stelle\">Consumer dispute resolution \/ universal arbitration board<\/h2>\n\n\n\n<p>We are not willing or obliged to participate in dispute resolution proceedings before a consumer arbitration board.<\/p>\n\n\n\n<h2 class=\"wp-block-heading\" id=\"linkedin\">LinkedIn<\/h2>\n\n\n\n<p>This imprint also applies to the presence on LinkedIn.<\/p>\n\n\n\n<h2 class=\"wp-block-heading\" id=\"bildverzeichnis\">Bildverzeichnis<\/h2>\n\n\n\n<p>Fotomotiv AGNBA: KI-generiert<\/p>\n<\/div>","protected":false},"excerpt":{"rendered":"<p>Angaben gem\u00e4\u00df \u00a7 5 TMG Flughafen Paderborn\/Lippstadt GmbH&nbsp;Flughafenstra\u00dfe 3333142 B\u00fcren Handelsregister: HRB 166Registergericht: Amtsgericht Paderborn Vertreten durch:Roland H\u00fcser Vorsitzender des Aufsichtsrats:Landrat Christoph R\u00fcther Kontakt Telefon: +49 (0) 2955. 77-0Telefax: +49 (0) 2955. 77-319E-Mail: info@airport-pad.com Umsatzsteuer-ID Umsatzsteuer-Identifikationsnummer gem\u00e4\u00df \u00a7 27 a Umsatzsteuergesetz:DE 126330303 EU-Streitschlichtung Die Europ\u00e4ische Kommission stellt eine Plattform zur Online-Streitbeilegung (OS) bereit:&nbsp;https:\/\/ec.europa.eu\/consumers\/odr\/.Unsere E-Mail-Adresse finden&hellip;<\/p>","protected":false},"author":1,"featured_media":0,"parent":0,"menu_order":25,"comment_status":"closed","ping_status":"closed","template":"","meta":{"_acf_changed":false,"_gspb_post_css":"","_uag_custom_page_level_css":"","footnotes":""},"class_list":["post-215","page","type-page","status-publish","hentry"],"acf":[],"featured_image_src":"","featured_image_src_square":false,"rbea_author_info":{"display_name":"admin","author_link":"https:\/\/innovationsflughafen.de\/en\/author\/silbergold\/"},"rbea_excerpt_info":"Angaben gem\u00e4\u00df \u00a7 5 TMG Flughafen Paderborn\/Lippstadt GmbH&nbsp;Flughafenstra\u00dfe 3333142 B\u00fcren Handelsregister: HRB 166Registergericht: Amtsgericht Paderborn Vertreten durch:Roland H\u00fcser Vorsitzender des Aufsichtsrats:Landrat Christoph R\u00fcther Kontakt Telefon: +49 (0) 2955. 77-0Telefax: +49 (0) 2955. 77-319E-Mail: info@airport-pad.com Umsatzsteuer-ID Umsatzsteuer-Identifikationsnummer gem\u00e4\u00df \u00a7 27 a Umsatzsteuergesetz:DE 126330303 EU-Streitschlichtung Die Europ\u00e4ische Kommission stellt eine Plattform zur Online-Streitbeilegung (OS) bereit:&nbsp;https:\/\/ec.europa.eu\/consumers\/odr\/.Unsere E-Mail-Adresse finden&hellip;","uagb_featured_image_src":{"full":false,"thumbnail":false,"medium":false,"medium_large":false,"large":false,"1536x1536":false,"2048x2048":false,"trp-custom-language-flag":false},"uagb_author_info":{"display_name":"admin","author_link":"https:\/\/innovationsflughafen.de\/en\/author\/silbergold\/"},"uagb_comment_info":0,"uagb_excerpt":"Angaben gem\u00e4\u00df \u00a7 5 TMG Flughafen Paderborn\/Lippstadt GmbH&nbsp;Flughafenstra\u00dfe 3333142 B\u00fcren Handelsregister: HRB 166Registergericht: Amtsgericht Paderborn Vertreten durch:Roland H\u00fcser Vorsitzender des Aufsichtsrats:Landrat Christoph R\u00fcther Kontakt Telefon: +49 (0) 2955. 77-0Telefax: +49 (0) 2955. 77-319E-Mail: info@airport-pad.com Umsatzsteuer-ID Umsatzsteuer-Identifikationsnummer gem\u00e4\u00df \u00a7 27 a Umsatzsteuergesetz:DE 126330303 EU-Streitschlichtung Die Europ\u00e4ische Kommission stellt eine Plattform zur Online-Streitbeilegung (OS) bereit:&nbsp;https:\/\/ec.europa.eu\/consumers\/odr\/.Unsere E-Mail-Adresse finden&hellip;","_links":{"self":[{"href":"https:\/\/innovationsflughafen.de\/en\/wp-json\/wp\/v2\/pages\/215","targetHints":{"allow":["GET"]}}],"collection":[{"href":"https:\/\/innovationsflughafen.de\/en\/wp-json\/wp\/v2\/pages"}],"about":[{"href":"https:\/\/innovationsflughafen.de\/en\/wp-json\/wp\/v2\/types\/page"}],"author":[{"embeddable":true,"href":"https:\/\/innovationsflughafen.de\/en\/wp-json\/wp\/v2\/users\/1"}],"replies":[{"embeddable":true,"href":"https:\/\/innovationsflughafen.de\/en\/wp-json\/wp\/v2\/comments?post=215"}],"version-history":[{"count":8,"href":"https:\/\/innovationsflughafen.de\/en\/wp-json\/wp\/v2\/pages\/215\/revisions"}],"predecessor-version":[{"id":3298,"href":"https:\/\/innovationsflughafen.de\/en\/wp-json\/wp\/v2\/pages\/215\/revisions\/3298"}],"wp:attachment":[{"href":"https:\/\/innovationsflughafen.de\/en\/wp-json\/wp\/v2\/media?parent=215"}],"curies":[{"name":"wp","href":"https:\/\/api.w.org\/{rel}","templated":true}]}}